{"id":1696,"date":"2019-10-03T06:03:19","date_gmt":"2019-10-03T06:03:19","guid":{"rendered":"http:\/\/themeforest.unitedthemes.com\/wpversions\/brooklyn\/xml\/classic\/?page_id=1696"},"modified":"2023-04-26T23:00:42","modified_gmt":"2023-04-26T23:00:42","slug":"quemsomos","status":"publish","type":"page","link":"https:\/\/medicaleuro.com.br\/en\/quemsomos\/","title":{"rendered":"About Us"},"content":{"rendered":"<div class=\"wpb-content-wrapper\"><section id=\"ut-section-69f8e4222dcea\" data-vc-full-width=\"true\" data-vc-full-width-init=\"false\" data-background-image=\"http:\/\/medicaleuro.com.br\/wp-content\/uploads\/2022\/11\/medicabgl-01.png?id=2310\" data-cursor-skin=\"global\" class=\"vc_section ut-vc-120 vc_section-has-fill ut-section-69f8e4222dcf1 ut-background-lozad ut-section-with-linking\"><a id=\"section-about\" data-id=\"section-about\" class=\"ut-vc-offset-anchor-top\" name=\"section-about\">About<\/a><div id=\"ut-row-69f8e4222e2ca\" data-vc-full-width=\"true\" data-vc-full-width-init=\"false\" class=\"vc_row wpb_row vc_row-fluid vc_column-gap-0 ut-row-69f8e4222e2d0\" ><div class=\"wpb_column vc_column_container vc_col-sm-8\" ><div id=\"ut_inner_column_69f8e4222e6f8\" class=\"vc_column-inner\" ><div class=\"wpb_wrapper\"><div class=\"wpb_content_element\"><style type=\"text\/css\">#ut_header_69f8e4222e96e h2.section-title{ font-family: \"Crimson Pro\";font-weight:400;font-style:normal; }#ut_header_69f8e4222e96e h2.section-title { font-size:100px !important; }<\/style><header id=\"ut_header_69f8e4222e96e\" class=\"section-header  ut-no-title-linebreak-mobile ut-no-lead-linebreak-mobile pt-style-1 header-left header-tablet-left header-mobile-center\"><h2 data-title=\"QUEM SOMOS\" data-effect=\"fadeIn\" data-animateonce=\"yes\" data-delay=\"0\" data-responsive-font=\"section_title\" data-responsive-font-settings=\"{&quot;base-font-size&quot;:&quot;100&quot;,&quot;font-size&quot;:{&quot;desktop_large&quot;:&quot;100&quot;},&quot;base-line-height&quot;:&quot;global&quot;,&quot;base-letter-spacing&quot;:&quot;global&quot;}\" class=\"bklyn-divider-styles bklyn-divider-style-1 section-title ut-animate-element animated ut-no-animation-tablet ut-no-animation-mobile\"><span>Who we are<\/span><\/h2><div data-effect=\"fadeIn\" data-animateonce=\"yes\" data-delay=\"200\" class=\"lead ut-animate-element animated ut-no-animation-tablet ut-no-animation-mobile\"><p>Founded in 2013, MEDICAL EURO stemmed from the desire of two young entrepreneurs, Andr\u00e9 Lu\u00eds de Souza and Fabio Puccia, to combine their almost 15 years experience in the field of orthopedics and sports medicine in a project that delivered more than materials and services, but also empathy!<\/p>\n<p>Initially, the company focused on its expertise segment. However, over the years, its activities expanded, adding areas such as regenerative medicine, wound care, craniomaxillofacial, neurosurgery, and traumatology.<\/p>\n<p>MEDICAL EURO offers a complete service to hospitals, doctors and health plans, focusing on products and services to ensure people's well-being, always concerned with fully meeting the needs of the market with agility, quality, transparency, and innovation. Currently, it is staffed by approximately 100 employees, including instrumentation technicians, salespeople, product experts, and administrative staff.<\/p>\n<\/div><\/header><\/div><div class=\"wpb_content_element\"><style type=\"text\/css\">#ut_header_69f8e4222fdb7 h2.section-title{ font-family: \"Crimson Pro\";font-weight:400;font-style:normal; }#ut_header_69f8e4222fdb7 h2.section-title { font-size:100px !important; }<\/style><header id=\"ut_header_69f8e4222fdb7\" class=\"section-header  ut-no-title-linebreak-mobile ut-no-lead-linebreak-mobile pt-style-1 header-left header-tablet-left header-mobile-center\"><h2 data-title=\"O QUE NOS TORNA \u00daNICOS\" data-effect=\"fadeIn\" data-animateonce=\"yes\" data-delay=\"0\" data-responsive-font=\"section_title\" data-responsive-font-settings=\"{&quot;base-font-size&quot;:&quot;100&quot;,&quot;font-size&quot;:{&quot;desktop_large&quot;:&quot;100&quot;},&quot;base-line-height&quot;:&quot;global&quot;,&quot;base-letter-spacing&quot;:&quot;global&quot;}\" class=\"bklyn-divider-styles bklyn-divider-style-1 section-title ut-animate-element animated ut-no-animation-tablet ut-no-animation-mobile\"><span>WHAT MAKES US UNIQUE<\/span><\/h2><div data-effect=\"fadeIn\" data-animateonce=\"yes\" data-delay=\"200\" class=\"lead ut-animate-element animated ut-no-animation-tablet ut-no-animation-mobile\"><p class=\"translation-block\">We stand out for our <b>agility and empathy<\/b> for the customer,<br>\nwhich makes us focus even more on quality and innovation.<\/p>\n<p class=\"translation-block\">Medical Euro is in constant improvement and commercial expansion<br>\nto help build your own portfolio in a solid, innovative way<br>\nand safe, has companies that are references in the medical segment.<\/p>\n<\/div><\/header><\/div><\/div><\/div><\/div><\/div><div class=\"vc_row-full-width vc_clearfix\"><\/div><div id=\"ut-row-69f8e4223015b\" data-vc-full-width=\"true\" data-vc-full-width-init=\"false\" data-background-image=\"http:\/\/medicaleuro.com.br\/wp-content\/uploads\/2022\/11\/office.jpg?id=2327\" class=\"vc_row wpb_row vc_row-fluid vc_row-has-fill vc_column-gap-0 ut-row-69f8e4223015e ut-background-lozad\" ><div class=\"wpb_column vc_column_container vc_col-sm-6\" ><div id=\"ut_inner_column_69f8e422303a3\" class=\"vc_column-inner\" ><div class=\"wpb_wrapper\"><div class=\"wpb_content_element  vc_custom_1669082566701\"><style type=\"text\/css\">#ut_accordion_69f8e422303f4 .ut-accordion-module-item.open .ut-accordion-module-heading { color: #ffbf00 !important }#ut_accordion_69f8e422303f4 .ut-accordion-module-heading:hover { color: #ffbf00 !important }#ut_accordion_69f8e422303f4 .ut-accordion-module-heading:active { color: #ffbf00 !important }#ut_accordion_69f8e422303f4 .ut-accordion-module-heading:focus { color: #ffbf00 !important }#ut_accordion_69f8e422303f4 .ut-accordion-module-heading { font-size: 35px; }#ut_accordion_69f8e422303f4 .ut-accordion-module-heading { font-weight: 400; }#ut_accordion_69f8e422303f4 .ut-accordion-module-item { border-top-color:#ffe100; border-top-style:solid; }#ut_accordion_69f8e422303f4 .ut-accordion-module-item:last-child { border-top-color:#ffe100; border-bottom-color:#ffe100; border-top-style:solid; border-bottom-style:solid; }<\/style><div id=\"ut_accordion_69f8e422303f4\" data-accordion-group class=\"ut-accordion-module ut-accordion-module-single  ut-accordion-module-with-border\"><div data-accordion data-single data-transition =\"400\" data-easing=\"linear\" class=\"ut-accordion-module-item  open\"><h3 data-control class=\"ut-accordion-module-heading\" data-counter=\"1\">Mission<\/h3><div data-content class=\"ut-accordion-module-content\"><div class=\"ut-accordion-module-inner entry-content clearfix\"><p>Serving our customers with\nempathy, whether they are patients, hospitals, doctors, or health plans, offering products and services safely and effectively.<\/p>\n<\/div><\/div><\/div><div data-accordion data-single data-transition =\"400\" data-easing=\"linear\" class=\"ut-accordion-module-item\"><h3 data-control class=\"ut-accordion-module-heading\" data-counter=\"2\">Vision<\/h3><div data-content class=\"ut-accordion-module-content\"><div class=\"ut-accordion-module-inner entry-content clearfix\"><p>Building a nationally and internationally recognized brand as an authority in our area of activity deriving from excellence in innovative, quality products and a differentiated team.<\/p>\n<\/div><\/div><\/div><div data-accordion data-single data-transition =\"400\" data-easing=\"linear\" class=\"ut-accordion-module-item\"><h3 data-control class=\"ut-accordion-module-heading\" data-counter=\"3\">Values<\/h3><div data-content class=\"ut-accordion-module-content\"><div class=\"ut-accordion-module-inner entry-content clearfix\"><p>Trust, Security, Innovation, Empathy and Social Responsibility are the pillars of our activities.<\/p>\n<\/div><\/div><\/div><\/div><\/div><\/div><\/div><\/div><div class=\"wpb_column vc_column_container vc_col-sm-6\" ><div id=\"ut_inner_column_69f8e42230755\" class=\"vc_column-inner\" ><div class=\"wpb_wrapper\"><\/div><\/div><\/div><style type=\"text\/css\">#ut-row-69f8e4223015b{background-position:left top !important;;background-repeat: no-repeat !important;background-size: cover !important;} <\/style><\/div><div class=\"vc_row-full-width vc_clearfix\"><\/div><a data-id=\"section-about\" class=\"ut-vc-offset-anchor-bottom\" name=\"section-about\">About<\/a><style type=\"text\/css\">#ut-section-69f8e4222dcea{background-position: center !important;background-repeat: no-repeat !important;background-size: cover !important;} <\/style><\/section><div class=\"vc_row-full-width vc_clearfix\"><\/div><section id=\"ut-section-69f8e42230ae4\" data-vc-full-width=\"true\" data-vc-full-width-init=\"false\" data-cursor-skin=\"global\" class=\"vc_section ut-vc-120 vc_section-has-no-fill ut-section-69f8e42230aef ut-section-with-linking\"><a id=\"section-clients\" data-id=\"section-clients\" class=\"ut-vc-offset-anchor-top\" name=\"section-clients\">clients<\/a><div id=\"ut-row-69f8e42230c91\" data-vc-full-width=\"true\" data-vc-full-width-init=\"false\" class=\"vc_row wpb_row vc_row-fluid vc_column-gap-0 ut-row-69f8e42230c94\" ><div class=\"wpb_column vc_column_container vc_col-sm-12\" ><div id=\"ut_inner_column_69f8e42230df4\" class=\"vc_column-inner\" ><div class=\"wpb_wrapper\"><div class=\"wpb_content_element\"><style type=\"text\/css\">#ut_header_69f8e42230f78 h3.section-title{ font-family: \"Crimson Pro\";font-weight:400;font-style:normal; }#ut_header_69f8e42230f78 h3.section-title { font-size:100px !important; }<\/style><header id=\"ut_header_69f8e42230f78\" class=\"section-header  ut-no-title-linebreak-mobile ut-no-lead-linebreak-mobile pt-style-1 header-center header-tablet-center header-mobile-center\"><h3 data-title=\"Hist\u00f3ria da Medical Euro\" data-effect=\"fadeIn\" data-animateonce=\"yes\" data-delay=\"0\" data-responsive-font=\"section_title\" data-responsive-font-settings=\"{&quot;base-font-size&quot;:&quot;100&quot;,&quot;font-size-unit&quot;:&quot;px&quot;,&quot;font-size&quot;:{&quot;desktop_large&quot;:&quot;100&quot;},&quot;base-line-height&quot;:&quot;global&quot;,&quot;base-letter-spacing&quot;:&quot;global&quot;}\" class=\"bklyn-divider-styles bklyn-divider-style-1 section-title ut-animate-element animated ut-no-animation-tablet ut-no-animation-mobile\"><span>Medical Euro Historical Background<\/span><\/h3><div data-effect=\"fadeIn\" data-animateonce=\"yes\" data-delay=\"200\" class=\"lead ut-animate-element animated ut-no-animation-tablet ut-no-animation-mobile\"><p>Our timeline shows our boldness to constantly evolve, envisioning opportunities to better serve our customers and partners.<\/p>\n<\/div><\/header><\/div><style type=\"text\/css\">#ut_simple_time_line_69f8e4223119a .ut-simple-time-line-event-subtitle { margin-bottom: 10px; }#ut_simple_time_line_69f8e4223119a::before { border-color: #f7d200; }#ut_simple_time_line_69f8e4223119a .ut-simple-time-line-event-marker-large { border-color: #f7d200; }#ut_simple_time_line_69f8e4223119a .ut-simple-time-line-event-animation { opacity:0; }#ut_simple_time_line_69f8e4223119a .ut-simple-time-line-event-marker { opacity:0; }#ut_simple_time_line_69f8e4223119a .ut-marker-large-animation-1 { border-color: #eac94f; }#ut_simple_time_line_69f8e4223119a .ut-marker-large-animation-1 { border-style: solid; }#ut_simple_time_line_69f8e4223119a .ut-marker-large-animation-2 { border-color: #f7d200; }#ut_simple_time_line_69f8e4223119a .ut-marker-large-animation-2 { border-style: solid; }#ut_simple_time_line_69f8e4223119a .ut-marker-large-animation-3 { border-color: #f7d200; }#ut_simple_time_line_69f8e4223119a .ut-marker-large-animation-3 { border-style: solid; }#ut_simple_time_line_69f8e4223119a .ut-marker-large-animation-4 { border-color: #f7d200; }#ut_simple_time_line_69f8e4223119a .ut-marker-large-animation-4 { border-style: solid; }<\/style><div id=\"ut_simple_time_line_69f8e4223119a\" class=\"ut-simple-time-line-wrap\" data-settings=\"{&quot;animate&quot;:true,&quot;delay_animation&quot;:true,&quot;global_delay_animation&quot;:false,&quot;delay_timer&quot;:200,&quot;delay_timer_marker&quot;:100,&quot;animation_style_marker&quot;:&quot;fadeIn&quot;,&quot;global_delay_timer&quot;:200}\"><div class=\"ut-simple-time-line  clearfix\"><div class=\"ut-simple-time-line-event\"><div data-animateonce=\"yes\" data-effect=\"fadeIn\" data-delay=\"100\" class=\"ut-simple-time-line-event-marker ut-simple-time-line-event-marker-large animated\"><div class=\"ut-marker-large-animation-1 ut-marker-animation-on\"><\/div><div class=\"ut-marker-large-animation-2 ut-marker-animation-on\"><\/div><div class=\"ut-marker-large-animation-3 ut-marker-animation-on\"><\/div><div class=\"ut-marker-large-animation-4 ut-marker-animation-on\"><\/div><\/div><div data-animateonce=\"yes\" data-effect=\"pulse\" class=\"ut-simple-time-line-event-animation ut-animate-simple-time-line-event animated\"><div class=\"ut-simple-time-line-event-title\"><h1>2013<\/h1><\/div><h3 class=\"ut-simple-time-line-event-subtitle\">Medical Euro is founded<\/h3><\/div><\/div><div class=\"ut-simple-time-line-event\"><div data-animateonce=\"yes\" data-effect=\"fadeIn\" data-delay=\"100\" class=\"ut-simple-time-line-event-marker ut-simple-time-line-event-marker-small animated\"><\/div><div data-animateonce=\"yes\" data-effect=\"pulse\" class=\"ut-simple-time-line-event-animation ut-animate-simple-time-line-event animated\"><div class=\"ut-simple-time-line-event-title\"><h1>2015<\/h1><\/div><h3 class=\"ut-simple-time-line-event-subtitle\">Company operations begin<\/h3><\/div><\/div><div class=\"ut-simple-time-line-event\"><div data-animateonce=\"yes\" data-effect=\"fadeIn\" data-delay=\"100\" class=\"ut-simple-time-line-event-marker ut-simple-time-line-event-marker-small animated\"><\/div><div data-animateonce=\"yes\" data-effect=\"pulse\" class=\"ut-simple-time-line-event-animation ut-animate-simple-time-line-event animated\"><div class=\"ut-simple-time-line-event-title\"><h1>2020<\/h1><\/div><h3 class=\"ut-simple-time-line-event-subtitle\"> I4S importer is established Exclusive representation partnership signed with Delphos Implants<\/h3><div class=\"ut-simple-time-line-event-text\"><p><img decoding=\"async\" src=\"http:\/\/medicaleuro.com.br\/wp-content\/uploads\/2023\/04\/timeline.png\" alt=\"DELPHOS, ASTROLAB\" style=\"width:116px;height:93px;\"><\/p><\/div><\/div><\/div><div class=\"ut-simple-time-line-event\"><div data-animateonce=\"yes\" data-effect=\"fadeIn\" data-delay=\"100\" class=\"ut-simple-time-line-event-marker ut-simple-time-line-event-marker-small animated\"><\/div><div data-animateonce=\"yes\" data-effect=\"pulse\" class=\"ut-simple-time-line-event-animation ut-animate-simple-time-line-event animated\"><div class=\"ut-simple-time-line-event-title\"><h1>2021<\/h1><\/div><h3 class=\"ut-simple-time-line-event-subtitle\">Partnership with IDAC<\/h3><div class=\"ut-simple-time-line-event-text\"><p>In an audacious project, amid a pandemic, the partners decide to invest in an Institute for Surgical Development and Improvement - IDAC. Moreover, they purchase a factory to develop competitive products and technologies<br \/>\n<img decoding=\"async\" src=\"http:\/\/medicaleuro.com.br\/wp-content\/uploads\/2023\/04\/idactimeline.png\" alt=\"IDAC\" style=\"width:104px;height:52px;\"><\/p><\/div><\/div><\/div><div class=\"ut-simple-time-line-event\"><div data-animateonce=\"yes\" data-effect=\"fadeIn\" data-delay=\"100\" class=\"ut-simple-time-line-event-marker ut-simple-time-line-event-marker-small animated\"><\/div><div data-animateonce=\"yes\" data-effect=\"pulse\" class=\"ut-simple-time-line-event-animation ut-animate-simple-time-line-event animated\"><div class=\"ut-simple-time-line-event-title\"><h1>2022<\/h1><\/div><h3 class=\"ut-simple-time-line-event-subtitle\">These were some of our achievements and lessons learned.<\/h3><div class=\"ut-simple-time-line-event-text\"><p>We continue to consolidate our trajectory in the present, keeping an eye on the future.<\/p><\/div><\/div><\/div><\/div><div class=\"clear\"><\/div><\/div><\/div><\/div><\/div><\/div><div class=\"vc_row-full-width vc_clearfix\"><\/div><a data-id=\"section-clients\" class=\"ut-vc-offset-anchor-bottom\" name=\"section-clients\">clients<\/a><\/section><div class=\"vc_row-full-width vc_clearfix\"><\/div>\n<\/div>","protected":false},"excerpt":{"rendered":"AboutQUEM SOMOSA MEDICAL EURO nasceu em 2013, do desejo de dois jovens empreendedores, Andr\u00e9 Lu\u00eds de Souza e Fabio Puccia, em unirem seus quase 20 anos de experi\u00eancia na \u00e1rea de ortopedia e medicina esportiva em um projeto pr\u00f3prio, que entregasse muito mais do que materiais e servi\u00e7os: adicionasse empatia. Inicialmente, a empresa focou no [...]","protected":false},"author":2,"featured_media":0,"parent":0,"menu_order":0,"comment_status":"closed","ping_status":"closed","template":"","meta":{"_themeisle_gutenberg_block_has_review":false,"footnotes":""},"class_list":["post-1696","page","type-page","status-publish","hentry"],"_links":{"self":[{"href":"https:\/\/medicaleuro.com.br\/en\/wp-json\/wp\/v2\/pages\/1696","targetHints":{"allow":["GET"]}}],"collection":[{"href":"https:\/\/medicaleuro.com.br\/en\/wp-json\/wp\/v2\/pages"}],"about":[{"href":"https:\/\/medicaleuro.com.br\/en\/wp-json\/wp\/v2\/types\/page"}],"author":[{"embeddable":true,"href":"https:\/\/medicaleuro.com.br\/en\/wp-json\/wp\/v2\/users\/2"}],"replies":[{"embeddable":true,"href":"https:\/\/medicaleuro.com.br\/en\/wp-json\/wp\/v2\/comments?post=1696"}],"version-history":[{"count":102,"href":"https:\/\/medicaleuro.com.br\/en\/wp-json\/wp\/v2\/pages\/1696\/revisions"}],"predecessor-version":[{"id":2743,"href":"https:\/\/medicaleuro.com.br\/en\/wp-json\/wp\/v2\/pages\/1696\/revisions\/2743"}],"wp:attachment":[{"href":"https:\/\/medicaleuro.com.br\/en\/wp-json\/wp\/v2\/media?parent=1696"}],"curies":[{"name":"wp","href":"https:\/\/api.w.org\/{rel}","templated":true}]}}