{"id":1702,"date":"2019-10-03T06:04:01","date_gmt":"2019-10-03T06:04:01","guid":{"rendered":"http:\/\/themeforest.unitedthemes.com\/wpversions\/brooklyn\/xml\/classic\/?page_id=1702"},"modified":"2023-04-26T23:03:28","modified_gmt":"2023-04-26T23:03:28","slug":"compromisso","status":"publish","type":"page","link":"https:\/\/medicaleuro.com.br\/en\/compromisso\/","title":{"rendered":"Commitment"},"content":{"rendered":"<div class=\"wpb-content-wrapper\"><section id=\"ut-section-69f8e112124c6\" data-vc-full-width=\"true\" data-vc-full-width-init=\"false\" data-background-image=\"http:\/\/medicaleuro.com.br\/wp-content\/uploads\/2022\/11\/medicalbg2-01.png?id=2317\" data-cursor-skin=\"global\" class=\"vc_section ut-vc-120 vc_section-has-fill ut-section-69f8e112124d1 ut-background-lozad ut-section-with-linking ut-has-element-glitch\"><a id=\"section-about\" data-id=\"section-about\" class=\"ut-vc-offset-anchor-top\" name=\"section-about\">About<\/a>\r\n        <div class=\"ut-element-glitch-wrap\">\r\n\r\n            \r\n        <style type=\"text\/css\">\r\n\r\n                        \r\n        @media (min-width: 1025px) {\r\n\r\n        #ut-element-glitch-69f8e11212672717081806- .ut-glitch-single-element {\r\n                        background-image:url(\"http:\/\/medicaleuro.com.br\/wp-content\/uploads\/2022\/11\/medicalbg2-01.png?id=2317\"); background-position:left top !important;                        \r\n                    }\r\n        }\r\n\r\n        @media (min-width: 768px) and (max-width: 1024px) {\r\n\r\n        #ut-element-glitch-69f8e11212672717081806- .ut-glitch-single-element {\r\n                        background-image:url(\"http:\/\/medicaleuro.com.br\/wp-content\/uploads\/2022\/11\/medicalbg2-01.png?id=2317\"); background-position:left top !important;                        \r\n                    }\r\n        }\r\n\r\n        @media (max-width: 767px) {\r\n\r\n        #ut-element-glitch-69f8e11212672717081806- .ut-glitch-single-element {\r\n                        background-image:url(\"http:\/\/medicaleuro.com.br\/wp-content\/uploads\/2022\/11\/medicalbg2-01.png?id=2317\"); background-position:left top !important;                        \r\n                    }\r\n        }\r\n\r\n        \r\n        <\/style>\r\n\r\n        \r\n            <div id=\"ut-element-glitch-69f8e11212672717081806-\" class=\"ut-element-glitch ut-glitch-none ut-element-glitch-permanent ut-element-glitch-transparent ut-simple-glitch-text-permanent ut-simple-glitch-text-none-permanent\">\r\n                <div class=\"ut-glitch-single-element\" data-background-image=\"http:\/\/medicaleuro.com.br\/wp-content\/uploads\/2022\/11\/medicalbg2-01.png?id=2317\"><\/div>\r\n                <div class=\"ut-glitch-single-element\" data-background-image=\"http:\/\/medicaleuro.com.br\/wp-content\/uploads\/2022\/11\/medicalbg2-01.png?id=2317\"><\/div>\r\n                <div class=\"ut-glitch-single-element\" data-background-image=\"http:\/\/medicaleuro.com.br\/wp-content\/uploads\/2022\/11\/medicalbg2-01.png?id=2317\"><\/div>\r\n                <div class=\"ut-glitch-single-element\" data-background-image=\"http:\/\/medicaleuro.com.br\/wp-content\/uploads\/2022\/11\/medicalbg2-01.png?id=2317\"><\/div>\r\n                <div class=\"ut-glitch-single-element\" data-background-image=\"http:\/\/medicaleuro.com.br\/wp-content\/uploads\/2022\/11\/medicalbg2-01.png?id=2317\"><\/div>\r\n            <\/div>\r\n\r\n        <\/div>\r\n\r\n        <div id=\"ut-row-69f8e11212954\" data-vc-full-width=\"true\" data-vc-full-width-init=\"false\" class=\"vc_row wpb_row vc_row-fluid vc_column-gap-0 ut-row-69f8e11212959\" ><div class=\"wpb_column vc_column_container vc_col-sm-8\" ><div id=\"ut_inner_column_69f8e11212cd4\" class=\"vc_column-inner\" ><div class=\"wpb_wrapper\"><div class=\"wpb_content_element\"><style type=\"text\/css\">#ut_header_69f8e11212fda h2.section-title{ font-family: \"Crimson Pro\";font-weight:400;font-style:normal; }#ut_header_69f8e11212fda h2.section-title { font-size:100px !important; }<\/style><header id=\"ut_header_69f8e11212fda\" class=\"section-header  ut-no-title-linebreak-mobile ut-no-lead-linebreak-mobile pt-style-1 header-left header-tablet-left header-mobile-center\"><h2 data-title=\"COMPROMISSO\" data-effect=\"fadeIn\" data-animateonce=\"yes\" data-delay=\"0\" data-responsive-font=\"section_title\" data-responsive-font-settings=\"{&quot;base-font-size&quot;:&quot;100&quot;,&quot;font-size&quot;:{&quot;desktop_large&quot;:&quot;100&quot;},&quot;base-line-height&quot;:&quot;global&quot;,&quot;base-letter-spacing&quot;:&quot;global&quot;}\" class=\"bklyn-divider-styles bklyn-divider-style-1 section-title ut-animate-element animated ut-no-animation-tablet ut-no-animation-mobile\"><span>COMMITMENT<\/span><\/h2><div data-effect=\"fadeIn\" data-animateonce=\"yes\" data-delay=\"200\" class=\"lead ut-animate-element animated ut-no-animation-tablet ut-no-animation-mobile\"><p class=\"translation-block\">What we leave <b>to the world<\/b><\/p>\n<\/div><\/header><\/div><\/div><\/div><\/div><div class=\"wpb_column vc_column_container vc_col-sm-4\" ><div id=\"ut_inner_column_69f8e11214a3e\" class=\"vc_column-inner\" ><div class=\"wpb_wrapper\"><\/div><\/div><\/div><\/div><div class=\"vc_row-full-width vc_clearfix\"><\/div><div id=\"ut-row-69f8e11214c15\" data-vc-full-width=\"true\" data-vc-full-width-init=\"false\" class=\"vc_row wpb_row vc_row-fluid vc_column-gap-0 ut-row-69f8e11214c18\" ><div class=\"wpb_column vc_column_container vc_col-sm-8\" ><div id=\"ut_inner_column_69f8e11214d8d\" class=\"vc_column-inner\" ><div class=\"wpb_wrapper\"><div class=\"wpb_content_element\"><style type=\"text\/css\">#ut_header_69f8e11214eb2 h2.section-title { font-size:35px !important;line-height:45px !important; }<\/style><header id=\"ut_header_69f8e11214eb2\" class=\"section-header  ut-no-title-linebreak-mobile ut-no-lead-linebreak-mobile pt-style-7 header-left header-tablet-left header-mobile-center\"><h2 data-title=\"Nossa empatia n\u00e3o se limita apenas a nos colocarmos no lugar do paciente, usu\u00e1rio final de nossos produtos, dos m\u00e9dicos ou hospitais que confiam na qualidade do que oferecemos.\" data-effect=\"fadeIn\" data-animateonce=\"yes\" data-delay=\"0\" data-responsive-font=\"section_title\" data-responsive-font-settings=\"{&quot;base-font-size&quot;:&quot;35&quot;,&quot;font-size-unit&quot;:&quot;px&quot;,&quot;font-size&quot;:{&quot;desktop_large&quot;:&quot;35&quot;},&quot;base-line-height&quot;:&quot;45&quot;,&quot;line-height-unit&quot;:&quot;px&quot;,&quot;line-height&quot;:{&quot;desktop_large&quot;:&quot;45&quot;},&quot;base-letter-spacing&quot;:&quot;global&quot;}\" class=\"section-title ut-animate-element animated ut-no-animation-tablet ut-no-animation-mobile\"><span>Our empathy is not limited to putting ourselves in the patient's place, the end user of our products, or the doctors and hospitals who trust the quality of what we offer.<\/span><\/h2><div data-effect=\"fadeIn\" data-animateonce=\"yes\" data-delay=\"200\" class=\"lead ut-animate-element animated ut-no-animation-tablet ut-no-animation-mobile\"><p>It also covers actions that contribute to society, investing in the improvement of educational institutions, thus attaching to the training and enhancement of doctors, which was the way we found to leave our legacy within a field to which we dedicated ourselves tirelessly, searching for improvement. <\/p>\n<\/div><\/header><\/div><\/div><\/div><\/div><div class=\"wpb_column vc_column_container vc_col-sm-4\" ><div id=\"ut_inner_column_69f8e11215176\" class=\"vc_column-inner\" ><div class=\"wpb_wrapper\"><\/div><\/div><\/div><\/div><div class=\"vc_row-full-width vc_clearfix\"><\/div><a data-id=\"section-about\" class=\"ut-vc-offset-anchor-bottom\" name=\"section-about\">About<\/a><style type=\"text\/css\">#ut-section-69f8e112124c6{background-position:left top !important;;background-repeat: no-repeat !important;background-size: cover !important;} <\/style><\/section><div class=\"vc_row-full-width vc_clearfix\"><\/div><section id=\"ut-section-69f8e11215561\" data-vc-full-width=\"true\" data-vc-full-width-init=\"false\" data-cursor-skin=\"global\" class=\"vc_section ut-vc-120 vc_section-has-fill ut-section-69f8e11215564 bklyn-section-with-overlay ut-parallax-section\"><div id=\"ut-parallax-69f8e11215570\" data-parallax-factor=\"8\" data-background-image=\"http:\/\/medicaleuro.com.br\/wp-content\/uploads\/2023\/03\/graphic_medical_euro-03.jpg?id=2555\" class=\"parallax-scroll-container parallax-scroll-container-hide ut-background-lozad\"><\/div><div id=\"ut-section-overlay-69f8e1121556c\" class=\"bklyn-overlay\"><\/div><div id=\"ut-row-69f8e1121573d\" data-vc-full-width=\"true\" data-vc-full-width-init=\"false\" class=\"vc_row wpb_row vc_row-fluid vc_column-gap-0 ut-row-69f8e11215740\" ><div class=\"wpb_column vc_column_container vc_col-sm-12\" ><div id=\"ut_inner_column_69f8e112158a3\" class=\"vc_column-inner\" ><div class=\"wpb_wrapper\"><div class=\"wpb_content_element\"><style type=\"text\/css\">#ut_header_69f8e11215a2e h2.section-title, #ut_header_69f8e11215a2e h2.section-title span { color:#ffffff; }#ut_header_69f8e11215a2e h2.section-title{ font-family: \"Crimson Pro\";font-weight:400;font-style:normal; }#ut_header_69f8e11215a2e h2.section-title { font-size:100px !important; }#ut_header_69f8e11215a2e .lead { color:rgba(255, 255, 255, 0.7); }#ut_header_69f8e11215a2e .lead p { color:rgba(255, 255, 255, 0.7); }#ut_header_69f8e11215a2e.pt-style-2 .page-title span:after, #ut_header_69f8e11215a2e.pt-style-2 .parallax-title span:after, #ut_header_69f8e11215a2e.pt-style-2 .section-title span:after { background-color:#ffbf00 !important;}<\/style><header id=\"ut_header_69f8e11215a2e\" class=\"section-header  ut-no-title-linebreak-mobile ut-no-lead-linebreak-mobile pt-style-2 header-center header-tablet-center header-mobile-center\"><h2 data-title=\"IMPACTO\" data-effect=\"fadeIn\" data-animateonce=\"yes\" data-delay=\"0\" data-responsive-font=\"section_title\" data-responsive-font-settings=\"{&quot;base-font-size&quot;:&quot;100&quot;,&quot;font-size&quot;:{&quot;desktop_large&quot;:&quot;100&quot;},&quot;base-line-height&quot;:&quot;global&quot;,&quot;base-letter-spacing&quot;:&quot;global&quot;}\" class=\"section-title ut-animate-element animated ut-no-animation-tablet ut-no-animation-mobile\"><span>IMPACT<\/span><\/h2><div data-effect=\"fadeIn\" data-animateonce=\"yes\" data-delay=\"200\" class=\"lead ut-animate-element animated ut-no-animation-tablet ut-no-animation-mobile\"><p class=\"translation-block\">No futuro pr\u00f3ximo, queremos que mais pacientes<br>\r\ntenham acesso a tratamentos de qualidade<br>\r\nindependente de onde estiverem.<\/p>\n<\/div><\/header><\/div><\/div><\/div><\/div><\/div><div class=\"vc_row-full-width vc_clearfix\"><\/div><a data-id=\"section-without-id\" class=\"ut-vc-offset-anchor-bottom\" name=\"section-without-id\"><\/a><style type=\"text\/css\">#ut-section-69f8e11215561{}#ut-section-overlay-69f8e1121556c{ background-color: rgba(0, 0, 0, 0.58);} #ut-parallax-69f8e11215570{background-size: cover !important}<\/style><\/section><div class=\"vc_row-full-width vc_clearfix\"><\/div><div id=\"ut-row-69f8e11215fe4\" data-vc-full-width=\"true\" data-vc-full-width-init=\"false\" class=\"vc_row wpb_row vc_row-fluid vc_column-gap-0 ut-row-69f8e11215fe9\" ><div class=\"wpb_column vc_column_container vc_col-sm-6\" ><div id=\"ut_inner_column_69f8e11216194\" class=\"vc_column-inner\" ><div class=\"wpb_wrapper\"><div class=\"vc_empty_space\"   style=\"height: 30px\"><span class=\"vc_empty_space_inner\"><\/span><\/div><div class=\"wpb_content_element\"><style type=\"text\/css\">#ut_header_69f8e1121640a h4.section-title { font-size:20px !important; }<\/style><header id=\"ut_header_69f8e1121640a\" class=\"section-header  ut-no-title-linebreak-mobile ut-no-lead-linebreak-mobile pt-style-1 header-left header-tablet-left header-mobile-center\"><h4 data-title=\"A Medical Euro apoiou a reforma da Escola Paulista de Medicina\" data-effect=\"fadeIn\" data-animateonce=\"yes\" data-delay=\"0\" data-responsive-font=\"section_title\" data-responsive-font-settings=\"{&quot;base-font-size&quot;:&quot;20&quot;,&quot;font-size-unit&quot;:&quot;px&quot;,&quot;font-size&quot;:{&quot;desktop_large&quot;:&quot;20&quot;},&quot;base-line-height&quot;:&quot;global&quot;,&quot;base-letter-spacing&quot;:&quot;global&quot;}\" class=\"bklyn-divider-styles bklyn-divider-style-1 section-title ut-animate-element animated ut-no-animation-tablet ut-no-animation-mobile\"><span>Medical Euro directly participated in the establishment of the new teaching and research institute of the S\u00e3o Paulo Medical School<\/span><\/h4><div data-effect=\"fadeIn\" data-animateonce=\"yes\" data-delay=\"200\" class=\"lead ut-animate-element animated ut-no-animation-tablet ut-no-animation-mobile\"><p>To honor the entity to promote a teaching space with increasing quality for residents and doctors, besides constantly contributing with materials for training and practical classes. This partnership mainly focused on the Hand and Upper Limb Surgery Discipline and was so successful that it resulted in the creation of new products by the group from demands signaled by the doctors.<\/p>\n<\/div><\/header><\/div><div class=\"vc_empty_space\"   style=\"height: 30px\"><span class=\"vc_empty_space_inner\"><\/span><\/div><div class=\"wpb_content_element\"><style type=\"text\/css\">#ut_header_69f8e11216817 h4.section-title { font-size:20px !important; }<\/style><header id=\"ut_header_69f8e11216817\" class=\"section-header  ut-no-title-linebreak-mobile ut-no-lead-linebreak-mobile pt-style-1 header-left header-tablet-left header-mobile-center\"><h4 data-title=\"O grupo tamb\u00e9m colaborou com a mudan\u00e7a da sede do Centro de Traumatologia do Esporte (CETE)\" data-effect=\"fadeIn\" data-animateonce=\"yes\" data-delay=\"0\" data-responsive-font=\"section_title\" data-responsive-font-settings=\"{&quot;base-font-size&quot;:&quot;20&quot;,&quot;font-size-unit&quot;:&quot;px&quot;,&quot;font-size&quot;:{&quot;desktop_large&quot;:&quot;20&quot;},&quot;base-line-height&quot;:&quot;global&quot;,&quot;base-letter-spacing&quot;:&quot;global&quot;}\" class=\"bklyn-divider-styles bklyn-divider-style-1 section-title ut-animate-element animated ut-no-animation-tablet ut-no-animation-mobile\"><span>The group also collaborated with the change of the headquarters of the Sports Traumatology Center (CETE), which belongs to the Department of<\/span><\/h4><div data-effect=\"fadeIn\" data-animateonce=\"yes\" data-delay=\"200\" class=\"lead ut-animate-element animated ut-no-animation-tablet ut-no-animation-mobile\"><p>Orthopedics and Traumatology at UNIFESP, founded on December 14, 1997, by Prof. Dr. Moises Cohen. It was conceived to study and prevent musculoskeletal system-related sports injuries. As a result, the Residency and the Sports Medicine Discipline emerged. Due to its vast involvement and importance in the sports medical field, CETE was accredited as a FIFA Medical Center of Excellence in 2014, actively participating in the World Cup in Brazil in the medical coverage of several games of the world tournament.<\/p>\n<\/div><\/header><\/div><\/div><\/div><\/div><div class=\"wpb_column vc_column_container vc_col-sm-6\" ><div id=\"ut_inner_column_69f8e11216ac8\" class=\"vc_column-inner\" ><div class=\"wpb_wrapper\"><div class=\"vc_empty_space\"   style=\"height: 30px\"><span class=\"vc_empty_space_inner\"><\/span><\/div><div  class=\"wpb_content_element   clearfix\"><style type=\"text\/css\">#ut_am_69f8e11216d68 { opacity: 1; }#ut_am_wrap_69f8e11216d69 .ut-image-gallery-item-caption-title h3 { letter-spacing: 0em; }#ut_am_wrap_69f8e11216d69 .ut-gallery-slider-caption { font-weight: bold; }#ut_am_wrap_69f8e11216d69 { text-align: left; }@media (min-width: 768px) and (max-width: 1024px) { #ut_am_wrap_69f8e11216d69 { text-align: left !important; } }@media (max-width: 767px) { #ut_am_wrap_69f8e11216d69 { text-align: center !important; } }<\/style><div id=\"ut_am_wrap_69f8e11216d69\" class=\"ut-image-gallery-image\"><div id=\"ut_reveal_69f8e11216d6a\"  data-appear-top-offset=\"auto\" class=\"ut-animated-image-item ut-image-gallery-item ut-animation-done\"><a class=\"ut-deactivated-link\" href=\"#\"><div class=\"ut-animated-image-zoom\"><img loading=\"lazy\" decoding=\"async\" class=\"ut-lazy skip-lazy ut-animated-image\"  id=\"ut_am_69f8e11216d68\" src=\"data:image\/svg+xml;charset=utf-8,%3Csvg xmlns%3D'http%3A%2F%2Fwww.w3.org%2F2000%2Fsvg' viewBox%3D'0 0 1180 664'%2F%3E\" data-src=\"https:\/\/medicaleuro.com.br\/wp-content\/uploads\/2023\/03\/escolapaulista.jpg\" width=\"1180\" height=\"664\" alt=\"\"\/><\/div><\/a><\/div><\/div><\/div><div class=\"vc_empty_space\"   style=\"height: 30px\"><span class=\"vc_empty_space_inner\"><\/span><\/div><\/div><\/div><\/div><\/div><div class=\"vc_row-full-width vc_clearfix\"><\/div><section id=\"ut-section-69f8e112170ad\" data-vc-full-width=\"true\" data-vc-full-width-init=\"false\" data-cursor-skin=\"global\" class=\"vc_section ut-vc-120 vc_section-has-fill ut-section-69f8e112170b0 bklyn-section-with-overlay ut-parallax-section\"><div id=\"ut-parallax-69f8e112170bd\" data-parallax-factor=\"8\" data-background-image=\"http:\/\/medicaleuro.com.br\/wp-content\/uploads\/2022\/11\/impac001-01.jpg?id=2348\" class=\"parallax-scroll-container parallax-scroll-container-hide ut-background-lozad\"><\/div><div id=\"ut-section-overlay-69f8e112170b8\" class=\"bklyn-overlay\"><\/div><div id=\"ut-row-69f8e11217301\" data-vc-full-width=\"true\" data-vc-full-width-init=\"false\" class=\"vc_row wpb_row vc_row-fluid vc_column-gap-0 ut-row-69f8e11217306\" ><div class=\"wpb_column vc_column_container vc_col-sm-12\" ><div id=\"ut_inner_column_69f8e1121757c\" class=\"vc_column-inner\" ><div class=\"wpb_wrapper\"><div class=\"wpb_content_element\"><style type=\"text\/css\">#ut_header_69f8e1121781d h2.section-title, #ut_header_69f8e1121781d h2.section-title span { color:#ffffff; }#ut_header_69f8e1121781d h2.section-title{ font-family: \"Crimson Pro\";font-weight:400;font-style:normal; }#ut_header_69f8e1121781d h2.section-title { font-size:100px !important; }#ut_header_69f8e1121781d .lead { color:rgba(255, 255, 255, 0.7); }#ut_header_69f8e1121781d .lead p { color:rgba(255, 255, 255, 0.7); }#ut_header_69f8e1121781d.pt-style-2 .page-title span:after, #ut_header_69f8e1121781d.pt-style-2 .parallax-title span:after, #ut_header_69f8e1121781d.pt-style-2 .section-title span:after { background-color:#ffbf00 !important;}<\/style><header id=\"ut_header_69f8e1121781d\" class=\"section-header  ut-no-title-linebreak-mobile ut-no-lead-linebreak-mobile pt-style-2 header-center header-tablet-center header-mobile-center\"><h2 data-title=\"MISS\u00c3O BENIN\" data-effect=\"fadeIn\" data-animateonce=\"yes\" data-delay=\"0\" data-responsive-font=\"section_title\" data-responsive-font-settings=\"{&quot;base-font-size&quot;:&quot;100&quot;,&quot;font-size&quot;:{&quot;desktop_large&quot;:&quot;100&quot;},&quot;base-line-height&quot;:&quot;global&quot;,&quot;base-letter-spacing&quot;:&quot;global&quot;}\" class=\"section-title ut-animate-element animated ut-no-animation-tablet ut-no-animation-mobile\"><span>MISSION BENIN<\/span><\/h2><div data-effect=\"fadeIn\" data-animateonce=\"yes\" data-delay=\"200\" class=\"lead ut-animate-element animated ut-no-animation-tablet ut-no-animation-mobile\"><p>Hear the cry of health in Africa<\/p>\n<\/div><\/header><\/div><div class=\"vc_empty_space\"   style=\"height: 30px\"><span class=\"vc_empty_space_inner\"><\/span><\/div>\n\t<div class=\"wpb_text_column wpb_content_element\" >\n\t\t<div class=\"wpb_wrapper\">\n\t\t\t<p><span style=\"color: #ffffff;\">Medical Euro supports some of the network's social actions. For 3 consecutive times, it provided the entire structure to carry out the orthopedic procedures of the project that the Hospital carries out in Africa (Mission Benin \u2013 Hear the cry of health in Africa), taking doctors to perform surgeries. It also systematically makes orthopedic materials without SUS coverage available to ensure surgeries<\/span><\/p>\n\n\t\t<\/div>\n\t<\/div>\n<\/div><\/div><style type=\"text\/css\">#ut_inner_column_69f8e1121757c{padding-right: 50px !important;padding-left: 50px !important;}<\/style><\/div><style type=\"text\/css\">#ut-row-69f8e11217301{padding-bottom: 0px !important;} <\/style><\/div><div class=\"vc_row-full-width vc_clearfix\"><\/div><a data-id=\"section-without-id\" class=\"ut-vc-offset-anchor-bottom\" name=\"section-without-id\"><\/a><style type=\"text\/css\">#ut-section-69f8e112170ad{}#ut-section-overlay-69f8e112170b8{background-image:  -webkit-linear-gradient(to top, rgba(0, 0, 0, 0.46) 0%, rgba(0, 0, 0, 0.46) 100%)  ;background-image:  -moz-linear-gradient(to top, rgba(0, 0, 0, 0.46) 0%, rgba(0, 0, 0, 0.46) 100%)  ;background-image:  -o-linear-gradient(to top, rgba(0, 0, 0, 0.46) 0%, rgba(0, 0, 0, 0.46) 100%)  ;background-image:  linear-gradient(to top, rgba(0, 0, 0, 0.46) 0%, rgba(0, 0, 0, 0.46) 100%)  ;} #ut-parallax-69f8e112170bd{background-size: cover !important}<\/style><\/section><div class=\"vc_row-full-width vc_clearfix\"><\/div>\n<\/div>","protected":false},"excerpt":{"rendered":"About COMPROMISSOO que deixamos para o mundo Nossa empatia n\u00e3o se limita apenas a nos colocarmos no lugar do paciente, usu\u00e1rio final de nossos produtos, dos m\u00e9dicos ou hospitais que confiam na qualidade do que oferecemos.Vamos al\u00e9m, em a\u00e7\u00f5es que contribuem com a sociedade, investindo na melhoria de institui\u00e7\u00f5es de ensino. Buscamos, desse modo, agregar [...]","protected":false},"author":2,"featured_media":0,"parent":0,"menu_order":0,"comment_status":"closed","ping_status":"closed","template":"","meta":{"_themeisle_gutenberg_block_has_review":false,"footnotes":""},"class_list":["post-1702","page","type-page","status-publish","hentry"],"_links":{"self":[{"href":"https:\/\/medicaleuro.com.br\/en\/wp-json\/wp\/v2\/pages\/1702","targetHints":{"allow":["GET"]}}],"collection":[{"href":"https:\/\/medicaleuro.com.br\/en\/wp-json\/wp\/v2\/pages"}],"about":[{"href":"https:\/\/medicaleuro.com.br\/en\/wp-json\/wp\/v2\/types\/page"}],"author":[{"embeddable":true,"href":"https:\/\/medicaleuro.com.br\/en\/wp-json\/wp\/v2\/users\/2"}],"replies":[{"embeddable":true,"href":"https:\/\/medicaleuro.com.br\/en\/wp-json\/wp\/v2\/comments?post=1702"}],"version-history":[{"count":81,"href":"https:\/\/medicaleuro.com.br\/en\/wp-json\/wp\/v2\/pages\/1702\/revisions"}],"predecessor-version":[{"id":2714,"href":"https:\/\/medicaleuro.com.br\/en\/wp-json\/wp\/v2\/pages\/1702\/revisions\/2714"}],"wp:attachment":[{"href":"https:\/\/medicaleuro.com.br\/en\/wp-json\/wp\/v2\/media?parent=1702"}],"curies":[{"name":"wp","href":"https:\/\/api.w.org\/{rel}","templated":true}]}}