{"id":2277,"date":"2022-11-21T23:16:00","date_gmt":"2022-11-21T23:16:00","guid":{"rendered":"http:\/\/medicaleuro.com.br\/?page_id=2277"},"modified":"2025-06-24T18:45:56","modified_gmt":"2025-06-24T21:45:56","slug":"equipe","status":"publish","type":"page","link":"https:\/\/medicaleuro.com.br\/en\/equipe\/","title":{"rendered":"Team"},"content":{"rendered":"<div class=\"wpb-content-wrapper\"><section id=\"ut-section-69f8e6ad88ed6\" data-vc-full-width=\"true\" data-vc-full-width-init=\"false\" data-background-image=\"http:\/\/medicaleuro.com.br\/wp-content\/uploads\/2022\/11\/medicalbg2-01.png?id=2317\" data-cursor-skin=\"global\" class=\"vc_section ut-vc-120 vc_section-has-fill ut-section-69f8e6ad88ee0 ut-background-lozad ut-section-with-linking\"><a id=\"section-about\" data-id=\"section-about\" class=\"ut-vc-offset-anchor-top\" name=\"section-about\">About<\/a><div id=\"ut-row-69f8e6ad89269\" data-vc-full-width=\"true\" data-vc-full-width-init=\"false\" class=\"vc_row wpb_row vc_row-fluid vc_column-gap-0 ut-row-69f8e6ad8926f\" ><div class=\"wpb_column vc_column_container vc_col-sm-8\" ><div id=\"ut_inner_column_69f8e6ad89516\" class=\"vc_column-inner\" ><div class=\"wpb_wrapper\"><div class=\"wpb_content_element\"><style type=\"text\/css\">#ut_header_69f8e6ad89749 h2.section-title{ font-family: \"Crimson Pro\";font-weight:400;font-style:normal; }#ut_header_69f8e6ad89749 h2.section-title { font-size:100px !important; }<\/style><header id=\"ut_header_69f8e6ad89749\" class=\"section-header  ut-no-title-linebreak-mobile ut-no-lead-linebreak-mobile pt-style-1 header-left header-tablet-left header-mobile-center\"><h2 data-title=\"NOSSO TIME\" data-effect=\"fadeIn\" data-animateonce=\"yes\" data-delay=\"0\" data-responsive-font=\"section_title\" data-responsive-font-settings=\"{&quot;base-font-size&quot;:&quot;100&quot;,&quot;font-size&quot;:{&quot;desktop_large&quot;:&quot;100&quot;},&quot;base-line-height&quot;:&quot;global&quot;,&quot;base-letter-spacing&quot;:&quot;global&quot;}\" class=\"bklyn-divider-styles bklyn-divider-style-1 section-title ut-animate-element animated ut-no-animation-tablet ut-no-animation-mobile\"><span>OUR TEAM<\/span><\/h2><div data-effect=\"fadeIn\" data-animateonce=\"yes\" data-delay=\"200\" class=\"lead ut-animate-element animated ut-no-animation-tablet ut-no-animation-mobile\"><p>We have a team of highly qualified professionals, consolidated networking with leading physicians in their areas of expertise and channels developed in the main hospitals. Our team brings more than 20 years of combined experience in the medical segment, making our approach to the market more complete and differentiated. <\/p>\n<\/div><\/header><\/div><\/div><\/div><\/div><div class=\"wpb_column vc_column_container vc_col-sm-4\" ><div id=\"ut_inner_column_69f8e6ad8aafb\" class=\"vc_column-inner\" ><div class=\"wpb_wrapper\"><\/div><\/div><\/div><\/div><div class=\"vc_row-full-width vc_clearfix\"><\/div><div id=\"ut-row-69f8e6ad8ac82\" data-vc-full-width=\"true\" data-vc-full-width-init=\"false\" data-vc-stretch-content=\"true\" class=\"vc_row wpb_row vc_row-fluid vc_column-gap-0 vc_row-no-padding ut-row-69f8e6ad8ac85\" ><div class=\"wpb_column vc_column_container vc_col-sm-6\" ><div id=\"ut_inner_column_69f8e6ad8aed8\" class=\"vc_column-inner\" ><div class=\"wpb_wrapper\"><div class=\"wpb_content_element  vc_custom_1669934633888\"><style type=\"text\/css\">#ut_tm_69f8e6af489e3 .bklyn5-team-member-name { color: #ffffff; }#ut_tm_69f8e6af489e3.bklyn5-team-member .bklyn5-team-member-social-icons > *::before { background: #ffffff; }#ut_tm_69f8e6af489e3 .bklyn5-team-member-ocupation { color: #ffbf00; }#ut_tm_69f8e6af489e3 .bklyn5-team-member-ocupation { font-weight: 600; }#ut_tm_69f8e6af489e3 .bklyn5-team-member-ocupation { letter-spacing: 0.05em; }#ut_tm_69f8e6af489e3 .bklyn5-team-member-social-icons a { color: #ffffff; }#ut_tm_69f8e6af489e3 .bklyn5-team-member-social-icons a:visited { color: #ffffff; }#ut_tm_69f8e6af489e3 .bklyn5-team-member-social-icons a:hover { color: #ffbf00; }#ut_tm_69f8e6af489e3 .bklyn5-team-member-social-icons a:focus { color: #ffbf00; }#ut_tm_69f8e6af489e3 .bklyn5-team-member-social-icons a:active { color: #ffbf00; }#ut_tm_69f8e6af489e3 .bklyn5-team-member-overlay { background: rgba(0, 0, 0, 0.65); }<\/style><div id=\"ut_tm_69f8e6af489e3\" class=\"bklyn5-team-member bklyn5-team-member-style-3 bklyn5-team-member-left\"><div class=\"bklyn5-team-member-avatar\">\r\n        <img loading=\"lazy\" decoding=\"async\" data-adaptive-images=\"{&quot;300&quot;:&quot;https:\\\/\\\/medicaleuro.com.br\\\/wp-content\\\/uploads\\\/2022\\\/11\\\/Andre-Luis-20-Edit-300x200.jpg&quot;,&quot;500&quot;:&quot;https:\\\/\\\/medicaleuro.com.br\\\/wp-content\\\/uploads\\\/2022\\\/11\\\/Andre-Luis-20-Edit-500x333.jpg&quot;,&quot;750&quot;:&quot;https:\\\/\\\/medicaleuro.com.br\\\/wp-content\\\/uploads\\\/2022\\\/11\\\/Andre-Luis-20-Edit-750x500.jpg&quot;,&quot;1000&quot;:&quot;https:\\\/\\\/medicaleuro.com.br\\\/wp-content\\\/uploads\\\/2022\\\/11\\\/Andre-Luis-20-Edit-1000x667.jpg&quot;,&quot;1500&quot;:&quot;https:\\\/\\\/medicaleuro.com.br\\\/wp-content\\\/uploads\\\/2022\\\/11\\\/Andre-Luis-20-Edit-1500x1000.jpg&quot;,&quot;2500&quot;:&quot;https:\\\/\\\/medicaleuro.com.br\\\/wp-content\\\/uploads\\\/2022\\\/11\\\/Andre-Luis-20-Edit-2500x1667.jpg&quot;}\" src=\"data:image\/svg+xml;charset=utf-8,%3Csvg xmlns%3D'http%3A%2F%2Fwww.w3.org%2F2000%2Fsvg' viewBox%3D'0 0 1500 1000'%2F%3E\" width=\"1500\" height=\"1000\" data-src=\"https:\/\/medicaleuro.com.br\/wp-content\/uploads\/2022\/11\/Andre-Luis-20-Edit-1500x1000.jpg\" data-image-id=\"2176\" class=\"ut-adaptive-image wp-post-image skip-lazy\">\r\n\r\n        <\/div><div class=\"bklyn5-team-member-overlay\"><div class=\"bklyn5-team-member-overlay-caption\"><div class=\"bklyn5-team-member-info\"><h3 class=\"bklyn5-team-member-name\">Andr\u00e9 Luis de Souza<\/h3><div class=\"bklyn5-team-member-ocupation\">Fundador\/CEO<\/div><div class=\"bklyn5-team-member-social-icons\"><ul><li><a title=\"\" href=\"https:\/\/www.linkedin.com\/in\/andre-luis-43218466\" target=\"_blank\" ><i class=\"fa fa-linkedin\"><\/i><\/a><\/li><\/ul><\/div><\/div><\/div><\/div><\/div><\/div>\n\t<div class=\"wpb_text_column wpb_content_element vc_custom_1678977575182\" >\n\t\t<div class=\"wpb_wrapper\">\n\t\t\t<div class=\"page\" title=\"Page 4\">\n<div class=\"section\">\n<div class=\"layoutArea\">\n<div class=\"column\">\n<div class=\"page\" title=\"Page 4\">\n<div class=\"section\">\n<div class=\"layoutArea\">\n<div class=\"column\">\n<p style=\"text-align: left;\"><strong><span style=\"color: #ffcc00;\">Andre Luis de Souza<\/span><\/strong><br \/>\n<span style=\"color: #ffffff;\">Fundador \/ CEO<\/span><\/p>\n<\/div>\n<\/div>\n<\/div>\n<\/div>\n<\/div>\n<\/div>\n<\/div>\n<\/div>\n<p style=\"text-align: justify;\"><span style=\"color: #ffffff;\">Andr\u00e9 had accumulated 20 years experience in healthcare when he decided to found Medical Euro and other companies in the group. Before investing in his business, he spent 4 years in a hospital, where he acquired his expertise in OPSM. Later, he started to work in the industry, at which time he was part of Baumer, a national industry with great expression in the medical segment. He also participated in companies such as Orthofix and an exclusive J&amp;J distributor. His Foreign Trade educational background and all the knowledge obtained throughout his professional career accumulated to the group a broad view of the market and commercial area, contributing to new partnerships, success, and brand recognition.<\/span><\/p>\n\n\t\t<\/div>\n\t<\/div>\n<\/div><\/div><style type=\"text\/css\">#ut_inner_column_69f8e6ad8aed8{margin-bottom: 0px !important;border-bottom-width: 0px !important;padding-bottom: 0px !important;}<\/style><\/div><div class=\"wpb_column vc_column_container vc_col-sm-6\" ><div id=\"ut_inner_column_69f8e6af48ca0\" class=\"vc_column-inner\" ><div class=\"wpb_wrapper\"><div class=\"wpb_content_element  vc_custom_1669934573173\"><style type=\"text\/css\">#ut_tm_69f8e6b10bdb5 .bklyn5-team-member-name { color: #ffffff; }#ut_tm_69f8e6b10bdb5.bklyn5-team-member .bklyn5-team-member-social-icons > *::before { background: #ffffff; }#ut_tm_69f8e6b10bdb5 .bklyn5-team-member-ocupation { color: #ffbf00; }#ut_tm_69f8e6b10bdb5 .bklyn5-team-member-ocupation { font-weight: 600; }#ut_tm_69f8e6b10bdb5 .bklyn5-team-member-ocupation { letter-spacing: 0.05em; }#ut_tm_69f8e6b10bdb5 .bklyn5-team-member-social-icons a { color: #ffffff; }#ut_tm_69f8e6b10bdb5 .bklyn5-team-member-social-icons a:visited { color: #ffffff; }#ut_tm_69f8e6b10bdb5 .bklyn5-team-member-social-icons a:hover { color: #ffbf00; }#ut_tm_69f8e6b10bdb5 .bklyn5-team-member-social-icons a:focus { color: #ffbf00; }#ut_tm_69f8e6b10bdb5 .bklyn5-team-member-social-icons a:active { color: #ffbf00; }#ut_tm_69f8e6b10bdb5 .bklyn5-team-member-overlay { background: rgba(0, 0, 0, 0.65); }<\/style><div id=\"ut_tm_69f8e6b10bdb5\" class=\"bklyn5-team-member bklyn5-team-member-style-3 bklyn5-team-member-left\"><div class=\"bklyn5-team-member-avatar\">\r\n        <img loading=\"lazy\" decoding=\"async\" data-adaptive-images=\"{&quot;300&quot;:&quot;https:\\\/\\\/medicaleuro.com.br\\\/wp-content\\\/uploads\\\/2022\\\/11\\\/Fabio-Puccia-16-Edit-1-300x200.jpg&quot;,&quot;500&quot;:&quot;https:\\\/\\\/medicaleuro.com.br\\\/wp-content\\\/uploads\\\/2022\\\/11\\\/Fabio-Puccia-16-Edit-1-500x333.jpg&quot;,&quot;750&quot;:&quot;https:\\\/\\\/medicaleuro.com.br\\\/wp-content\\\/uploads\\\/2022\\\/11\\\/Fabio-Puccia-16-Edit-1-750x500.jpg&quot;,&quot;1000&quot;:&quot;https:\\\/\\\/medicaleuro.com.br\\\/wp-content\\\/uploads\\\/2022\\\/11\\\/Fabio-Puccia-16-Edit-1-1000x667.jpg&quot;,&quot;1500&quot;:&quot;https:\\\/\\\/medicaleuro.com.br\\\/wp-content\\\/uploads\\\/2022\\\/11\\\/Fabio-Puccia-16-Edit-1-1500x1000.jpg&quot;,&quot;2500&quot;:&quot;https:\\\/\\\/medicaleuro.com.br\\\/wp-content\\\/uploads\\\/2022\\\/11\\\/Fabio-Puccia-16-Edit-1-2500x1667.jpg&quot;}\" src=\"data:image\/svg+xml;charset=utf-8,%3Csvg xmlns%3D'http%3A%2F%2Fwww.w3.org%2F2000%2Fsvg' viewBox%3D'0 0 1500 1000'%2F%3E\" width=\"1500\" height=\"1000\" data-src=\"https:\/\/medicaleuro.com.br\/wp-content\/uploads\/2022\/11\/Fabio-Puccia-16-Edit-1-1500x1000.jpg\" data-image-id=\"2177\" class=\"ut-adaptive-image wp-post-image skip-lazy\">\r\n\r\n        <\/div><div class=\"bklyn5-team-member-overlay\"><div class=\"bklyn5-team-member-overlay-caption\"><div class=\"bklyn5-team-member-info\"><h3 class=\"bklyn5-team-member-name\">Fabio Puccia<\/h3><div class=\"bklyn5-team-member-ocupation\">Co-Fundador \/ COO \/ CMO<\/div><div class=\"bklyn5-team-member-social-icons\"><ul><li><a title=\"\" href=\"https:\/\/www.linkedin.com\/in\/fabio-puccia-2736712b\" target=\"_blank\" ><i class=\"fa fa-linkedin\"><\/i><\/a><\/li><\/ul><\/div><\/div><\/div><\/div><\/div><\/div>\n\t<div class=\"wpb_text_column wpb_content_element vc_custom_1678977722249\" >\n\t\t<div class=\"wpb_wrapper\">\n\t\t\t<div class=\"page\" title=\"Page 4\">\n<div class=\"section\">\n<div class=\"layoutArea\">\n<div class=\"column\">\n<div class=\"page\" title=\"Page 4\">\n<div class=\"section\">\n<div class=\"layoutArea\">\n<div class=\"column\">\n<p style=\"text-align: left;\"><strong><span style=\"color: #ffcc00;\">Fabio Puccia<\/span><\/strong><br \/>\n<span style=\"color: #ffffff;\">Co-Fundador \/ COO \/ CMO<\/span><\/p>\n<\/div>\n<\/div>\n<\/div>\n<\/div>\n<\/div>\n<\/div>\n<\/div>\n<\/div>\n<p style=\"text-align: justify;\"><span style=\"color: #ffffff;\">Fabio is co-founder of Medical Euro and other companies in the group. His 20 years experience in the health field, combined with his postgraduate degree in the same sector, accumulate to the group a vision of the future and strategic actions. Before leading his company, he climbed from an executive career to managing exclusive distributors for renowned brands such as Stryker, J&amp;J, and Alpha Tech. His entrepreneurial and disruptive spirit had collaborated earlier in the establishment of 7 companies from different segments. This vast learning acquired is a crucial gain for Medical Euro today, bringing a perspective into the future and daring to think outside the box.<\/span><\/p>\n\n\t\t<\/div>\n\t<\/div>\n<\/div><\/div><style type=\"text\/css\">#ut_inner_column_69f8e6af48ca0{margin-top: 0px !important;border-top-width: 0px !important;padding-top: 0px !important;}<\/style><\/div><style type=\"text\/css\">#ut-row-69f8e6ad8ac82{margin-bottom: 0px !important;border-bottom-width: 0px !important;padding-bottom: 0px !important;} <\/style><\/div><div class=\"vc_row-full-width vc_clearfix\"><\/div><a data-id=\"section-about\" class=\"ut-vc-offset-anchor-bottom\" name=\"section-about\">About<\/a><style type=\"text\/css\">#ut-section-69f8e6ad88ed6{background-position: center !important;background-repeat: no-repeat !important;background-size: cover !important;} <\/style><\/section><div class=\"vc_row-full-width vc_clearfix\"><\/div>\n<\/div>","protected":false},"excerpt":{"rendered":"AboutNOSSO TIMEPossu\u00edmos um time de profissionais altamente qualificados, networking consolidado com m\u00e9dicos refer\u00eancia em suas \u00e1reas de atua\u00e7\u00e3o e canais desenvolvidos nos principais hospitais. Nosso time traz mais de 20 anos de experi\u00eancia agregada no segmento m\u00e9dico, tornando nossa abordagem junto ao mercado mais completa e diferenciada. Andr\u00e9 Luis de SouzaFundador\/CEO Andre Luis de Souza [...]","protected":false},"author":2,"featured_media":0,"parent":0,"menu_order":0,"comment_status":"closed","ping_status":"closed","template":"","meta":{"_themeisle_gutenberg_block_has_review":false,"footnotes":""},"class_list":["post-2277","page","type-page","status-publish","hentry"],"_links":{"self":[{"href":"https:\/\/medicaleuro.com.br\/en\/wp-json\/wp\/v2\/pages\/2277","targetHints":{"allow":["GET"]}}],"collection":[{"href":"https:\/\/medicaleuro.com.br\/en\/wp-json\/wp\/v2\/pages"}],"about":[{"href":"https:\/\/medicaleuro.com.br\/en\/wp-json\/wp\/v2\/types\/page"}],"author":[{"embeddable":true,"href":"https:\/\/medicaleuro.com.br\/en\/wp-json\/wp\/v2\/users\/2"}],"replies":[{"embeddable":true,"href":"https:\/\/medicaleuro.com.br\/en\/wp-json\/wp\/v2\/comments?post=2277"}],"version-history":[{"count":55,"href":"https:\/\/medicaleuro.com.br\/en\/wp-json\/wp\/v2\/pages\/2277\/revisions"}],"predecessor-version":[{"id":3229,"href":"https:\/\/medicaleuro.com.br\/en\/wp-json\/wp\/v2\/pages\/2277\/revisions\/3229"}],"wp:attachment":[{"href":"https:\/\/medicaleuro.com.br\/en\/wp-json\/wp\/v2\/media?parent=2277"}],"curies":[{"name":"wp","href":"https:\/\/api.w.org\/{rel}","templated":true}]}}