{"id":2520,"date":"2023-03-03T00:11:22","date_gmt":"2023-03-03T00:11:22","guid":{"rendered":"https:\/\/medicaleuro.com.br\/?page_id=2520"},"modified":"2023-04-26T14:29:03","modified_gmt":"2023-04-26T14:29:03","slug":"sac","status":"publish","type":"page","link":"https:\/\/medicaleuro.com.br\/en\/sac\/","title":{"rendered":"SAC"},"content":{"rendered":"<div class=\"wpb-content-wrapper\"><section id=\"ut-section-69f8e0ba4700d\" data-vc-full-width=\"true\" data-vc-full-width-init=\"false\" data-cursor-skin=\"global\" class=\"vc_section ut-vc-120 vc_section-has-no-fill ut-section-69f8e0ba47015\"><div id=\"ut-row-69f8e0ba474e5\" data-vc-full-width=\"true\" data-vc-full-width-init=\"false\" class=\"vc_row wpb_row vc_row-fluid vc_column-gap-0 ut-row-69f8e0ba474eb\" ><div class=\"wpb_column vc_column_container vc_col-sm-8\" ><div id=\"ut_inner_column_69f8e0ba47903\" class=\"vc_column-inner\" ><div class=\"wpb_wrapper\"><div class=\"wpb_content_element\"><style type=\"text\/css\">#ut_header_69f8e0ba47cb5 h2.section-title{ font-family: \"Crimson Pro\";font-weight:400;font-style:normal; }#ut_header_69f8e0ba47cb5 h2.section-title { font-size:100px !important; }<\/style><header id=\"ut_header_69f8e0ba47cb5\" class=\"section-header  ut-no-title-linebreak-mobile ut-no-lead-linebreak-mobile pt-style-1 header-left header-tablet-left header-mobile-center\"><h2 data-title=\"SAC\"  data-responsive-font=\"section_title\" data-responsive-font-settings=\"{&quot;base-font-size&quot;:&quot;100&quot;,&quot;font-size&quot;:{&quot;desktop_large&quot;:&quot;100&quot;},&quot;base-line-height&quot;:&quot;global&quot;,&quot;base-letter-spacing&quot;:&quot;global&quot;}\" class=\"bklyn-divider-styles bklyn-divider-style-1 section-title\"><span>SAC<\/span><\/h2><div data-delay=\"0\" class=\"lead\"><p>Medical Euro advocates excellent service and values good communication with its customers.<\/p>\n<\/div><\/header><\/div>\n\t<div class=\"wpb_text_column wpb_content_element\" >\n\t\t<div class=\"wpb_wrapper\">\n\t\t\t<p style=\"text-align: left;\">The SAC Medical Euro (Customer Service - Medical Euro), through this premise, offers support to questions, complaints and\/or compliments by email: <a href=\"mailto:sac@medicaleuro.com.br\">sac@medicaleuro.com.br<\/a>.<\/p>\n<p style=\"text-align: left;\">Medical Euro has a highly qualified team committed to resolving customer requests, in order to achieve our greatest purpose: to serve \u201cthe patient\u201d with excellence, prioritizing their safety and well-being. Medical Euro's SAC promotes a relationship based on trust and transparency.<\/p>\n<p style=\"text-align: left;\">Count on us<br \/>\nSAC Medical Euro team<\/p>\n\n\t\t<\/div>\n\t<\/div>\n<div class=\"vc_empty_space\"   style=\"height: 70px\"><span class=\"vc_empty_space_inner\"><\/span><\/div>\n\t<div class=\"wpb_text_column wpb_content_element vc_custom_1680546020570\" >\n\t\t<div class=\"wpb_wrapper\">\n\t\t\t<p><strong>Exclusive channel for suggestions, compliments and complaints.<\/strong><\/p>\n\n\t\t<\/div>\n\t<\/div>\n<style type=\"text\/css\">#bklyn_btn_69f8e0ba49992 .bklyn-btn { color:#ffffff !important; background: none;background-image: -webkit-linear-gradient(to top, #00ac1c 0%, #388645 100%);background-image: -moz-linear-gradient(to top, #00ac1c 0%, #388645 100%);background-image: -o-linear-gradient(to top, #00ac1c 0%, #388645 100%);background-image: linear-gradient(to top, #00ac1c 0%, #388645 100%); }#bklyn_btn_69f8e0ba49992 .bklyn-btn:hover{ color:#0a0a0a !important; background-color:#82eb70 !important; }#bklyn_btn_69f8e0ba49992 .bklyn-btn:focus{ color:#0a0a0a !important; background-color:#82eb70 !important; }#bklyn_btn_69f8e0ba49992 .bklyn-btn:active { color:#0a0a0a !important; background-color:#82eb70 !important; }#bklyn_btn_69f8e0ba49992 a.bklyn-btn { font-weight:bold !important; }#bklyn_btn_69f8e0ba49992.bklyn-btn-header a.bklyn-btn { font-weight:bold !important; }#bklyn_btn_69f8e0ba49992.bklyn-btn-header a.bklyn-btn span { font-weight:bold !important; }#bklyn_btn_69f8e0ba49992 a.bklyn-btn { text-transform:capitalize !important; }<\/style><div id=\"bklyn_btn_69f8e0ba49992\" class=\"bklyn-btn-holder  bklyn-btn-left bklyn-btn-tablet-left bklyn-btn-mobile-center\"><a title=\"WhatsApp\"   href=\"https:\/\/wa.link\/ds1oa9\" target=\"_blank\" class=\"bklyn-btn bklyn-btn-icon-left bklyn-btn-normal\" ><i class=\"fa fa-whatsapp\"><\/i><span class=\"ut-btn-text\">Talk to us on WhatsApp<\/span><\/a><\/div><div  class=\"wpb_content_element   clearfix\"><style type=\"text\/css\">#ut_am_69f8e0ba4a402 { opacity: 1; }#ut_am_wrap_69f8e0ba4a403 .ut-image-gallery-item-caption-title h3 { letter-spacing: 0em; }#ut_am_wrap_69f8e0ba4a403 .ut-gallery-slider-caption { font-weight: bold; }#ut_am_wrap_69f8e0ba4a403 { text-align: left; }@media (min-width: 768px) and (max-width: 1024px) { #ut_am_wrap_69f8e0ba4a403 { text-align: left !important; } }@media (max-width: 767px) { #ut_am_wrap_69f8e0ba4a403 { text-align: center !important; } }<\/style><div id=\"ut_am_wrap_69f8e0ba4a403\" class=\"ut-image-gallery-image\"><div id=\"ut_reveal_69f8e0ba4a404\"  data-appear-top-offset=\"auto\" class=\"ut-animated-image-item ut-image-gallery-item ut-animation-done\"><a class=\"ut-deactivated-link\" href=\"#\"><div class=\"ut-animated-image-zoom\"><img loading=\"lazy\" decoding=\"async\" class=\"ut-lazy skip-lazy ut-animated-image\"  id=\"ut_am_69f8e0ba4a402\" src=\"data:image\/svg+xml;charset=utf-8,%3Csvg xmlns%3D'http%3A%2F%2Fwww.w3.org%2F2000%2Fsvg' viewBox%3D'0 0 150 150'%2F%3E\" data-src=\"https:\/\/medicaleuro.com.br\/wp-content\/uploads\/2023\/04\/wa.link_ds1oa9-150x150.png\" width=\"150\" height=\"150\" alt=\"\"\/><\/div><\/a><\/div><\/div><\/div><\/div><\/div><style type=\"text\/css\">#ut_inner_column_69f8e0ba47903{padding-left: 80px !important;}<\/style><\/div><div class=\"wpb_column vc_column_container vc_col-sm-4\" ><div id=\"ut_inner_column_69f8e0ba4a4a5\" class=\"vc_column-inner\" ><div class=\"wpb_wrapper\"><div class=\"vc_empty_space\"   style=\"height: 70px\"><span class=\"vc_empty_space_inner\"><\/span><\/div><\/div><\/div><style type=\"text\/css\">#ut_inner_column_69f8e0ba4a4a5{padding-right: 50px !important;padding-left: 50px !important;}<\/style><\/div><\/div><div class=\"vc_row-full-width vc_clearfix\"><\/div><a data-id=\"section-without-id\" class=\"ut-vc-offset-anchor-bottom\" name=\"section-without-id\"><\/a><\/section><div class=\"vc_row-full-width vc_clearfix\"><\/div>\n<\/div>","protected":false},"excerpt":{"rendered":"SACA Medical Euro preconiza por atendimento de excel\u00eancia e preza pela boa comunica\u00e7\u00e3o aos seus clientes. O SAC Medical Euro (Servi\u00e7o de Atendimento ao Cliente \u2013 Medical Euro), por meio dessa premissa, oferece suporte \u00e0s d\u00favidas, reclama\u00e7\u00f5es e\/ou elogios pelo e-mail: sac@medicaleuro.com.br. A Medical Euro conta com equipe altamente capacitada e comprometida em resolver as [...]","protected":false},"author":2,"featured_media":0,"parent":0,"menu_order":0,"comment_status":"closed","ping_status":"closed","template":"","meta":{"_themeisle_gutenberg_block_has_review":false,"footnotes":""},"class_list":["post-2520","page","type-page","status-publish","hentry"],"_links":{"self":[{"href":"https:\/\/medicaleuro.com.br\/en\/wp-json\/wp\/v2\/pages\/2520","targetHints":{"allow":["GET"]}}],"collection":[{"href":"https:\/\/medicaleuro.com.br\/en\/wp-json\/wp\/v2\/pages"}],"about":[{"href":"https:\/\/medicaleuro.com.br\/en\/wp-json\/wp\/v2\/types\/page"}],"author":[{"embeddable":true,"href":"https:\/\/medicaleuro.com.br\/en\/wp-json\/wp\/v2\/users\/2"}],"replies":[{"embeddable":true,"href":"https:\/\/medicaleuro.com.br\/en\/wp-json\/wp\/v2\/comments?post=2520"}],"version-history":[{"count":26,"href":"https:\/\/medicaleuro.com.br\/en\/wp-json\/wp\/v2\/pages\/2520\/revisions"}],"predecessor-version":[{"id":2719,"href":"https:\/\/medicaleuro.com.br\/en\/wp-json\/wp\/v2\/pages\/2520\/revisions\/2719"}],"wp:attachment":[{"href":"https:\/\/medicaleuro.com.br\/en\/wp-json\/wp\/v2\/media?parent=2520"}],"curies":[{"name":"wp","href":"https:\/\/api.w.org\/{rel}","templated":true}]}}