{"id":7,"date":"2017-06-07T17:19:28","date_gmt":"2017-06-07T17:19:28","guid":{"rendered":"http:\/\/themeforest.unitedthemes.com\/wpversions\/brooklyn\/xml\/classic\/?page_id=7"},"modified":"2023-04-26T20:44:39","modified_gmt":"2023-04-26T20:44:39","slug":"front-page","status":"publish","type":"page","link":"https:\/\/medicaleuro.com.br\/en\/","title":{"rendered":"Home"},"content":{"rendered":"<div class=\"wpb-content-wrapper\"><section id=\"ut-section-69f8d811e8cf2\" data-vc-full-width=\"true\" data-vc-full-width-init=\"false\" data-background-image=\"http:\/\/medicaleuro.com.br\/wp-content\/uploads\/2022\/11\/medicalbg2-01.png?id=2317\" data-cursor-skin=\"global\" class=\"vc_section ut-vc-120 vc_section-has-fill ut-section-69f8d811e8d03 ut-background-lozad ut-section-with-linking\"><a id=\"section-about\" data-id=\"section-about\" class=\"ut-vc-offset-anchor-top\" name=\"section-about\">About<\/a><div id=\"ut-row-69f8d811e936a\" data-vc-full-width=\"true\" data-vc-full-width-init=\"false\" class=\"vc_row wpb_row vc_row-fluid vc_column-gap-0 ut-row-69f8d811e9374\" ><div class=\"wpb_column vc_column_container vc_col-sm-12\" ><div id=\"ut_inner_column_69f8d811e98fd\" class=\"vc_column-inner\" ><div class=\"wpb_wrapper\"><div class=\"wpb_content_element\"><style type=\"text\/css\">#ut_header_69f8d811e9e6c h2.section-title{ font-family: \"Crimson Pro\";font-weight:400;font-style:normal; }#ut_header_69f8d811e9e6c h2.section-title { font-size:100px !important; }<\/style><header id=\"ut_header_69f8d811e9e6c\" class=\"section-header  ut-no-title-linebreak-mobile ut-no-lead-linebreak-mobile pt-style-1 header-center header-tablet-center header-mobile-center\"><h2 data-title=\"Seja \u00fanico para a vida\" data-effect=\"fadeIn\" data-animateonce=\"yes\" data-delay=\"0\" data-responsive-font=\"section_title\" data-responsive-font-settings=\"{&quot;base-font-size&quot;:&quot;100&quot;,&quot;font-size&quot;:{&quot;desktop_large&quot;:&quot;100&quot;},&quot;base-line-height&quot;:&quot;global&quot;,&quot;base-letter-spacing&quot;:&quot;global&quot;}\" class=\"bklyn-divider-styles bklyn-divider-style-1 section-title ut-animate-element animated ut-no-animation-tablet ut-no-animation-mobile\"><span>Be unique for life<\/span><\/h2><div data-effect=\"fadeIn\" data-animateonce=\"yes\" data-delay=\"200\" class=\"lead ut-animate-element animated ut-no-animation-tablet ut-no-animation-mobile\"><p class=\"translation-block\">Our commitment is to make you feel unique, bringing back the sense of a <b>full and healthy life<\/b> with safe and quality products.<\/p>\n<\/div><\/header><\/div><\/div><\/div><\/div><\/div><div class=\"vc_row-full-width vc_clearfix\"><\/div><div id=\"ut-row-69f8d811ec626\" data-vc-full-width=\"true\" data-vc-full-width-init=\"false\" class=\"vc_row wpb_row vc_row-fluid vc_row-has-fill vc_column-gap-0 ut-row-69f8d811ec62f bklyn-row-with-overlay ut-parallax-section\" ><div id=\"ut-parallax-69f8d811ec643\" data-parallax-factor=\"8\" data-background-image=\"http:\/\/medicaleuro.com.br\/wp-content\/uploads\/2022\/11\/medicaleuro04-1.jpg?id=2308\" class=\"parallax-scroll-container parallax-scroll-container-hide ut-background-lozad\"><\/div><div id=\"ut_row_overlay_69f8d811ec63e\" class=\"bklyn-overlay\"><\/div><div class=\"wpb_column vc_column_container vc_col-sm-8\" ><div id=\"ut_inner_column_69f8d811ec9b0\" class=\"vc_column-inner\" ><div class=\"wpb_wrapper\"><div class=\"wpb_content_element\"><style type=\"text\/css\">#ut_p_quote_69f8d811eccbf { text-align: left; }#ut_p_quote_69f8d811eccbf .ut-parallax-icon-wrap { margin: 0 auto 20px 0; }@media (min-width: 768px) and (max-width: 1024px) {#ut_p_quote_69f8d811eccbf { text-align: left; }#ut_p_quote_69f8d811eccbf .ut-parallax-icon-wrap { margin: 0 auto 20px 0; }}@media (max-width: 767px) {#ut_p_quote_69f8d811eccbf { text-align: left; }#ut_p_quote_69f8d811eccbf .ut-parallax-icon-wrap { margin: 0 auto 20px 0; }}#ut_p_quote_69f8d811eccbf blockquote { font-family:Crimson Pro;font-weight:400;font-style:normal }#ut_p_quote_69f8d811eccbf blockquote { color: #ffffff; }#ut_p_quote_69f8d811eccbf blockquote{ font-size: 32px }#ut_p_quote_69f8d811eccbf blockquote { line-height: 30px; }#ut_p_quote_69f8d811eccbf blockquote { letter-spacing: -0.04em; }#ut_p_quote_69f8d811eccbf blockquote ins { background-color: transparent; color: #ffbf00; }#ut_p_quote_69f8d811eccbf .ut-parallax-quote-name { font-size: 12px; }#ut_p_quote_69f8d811eccbf .ut-parallax-quote-name { font-weight: 600; }#ut_p_quote_69f8d811eccbf .ut-parallax-quote-name { letter-spacing: 0.05em; }#ut_p_quote_69f8d811eccbf .ut-parallax-quote-name { color: rgba(255,255,255,0.7); }#ut_p_quote_69f8d811eccbf .ut-parallax-quote-name-wrap { margin-top: 20px; }#ut_p_quote_69f8d811eccbf .ut-parallax-quote-name { display: inline-block; border-top: 1px solid rgba(255,255,255,0.1)}#ut_p_quote_69f8d811eccbf .ut-parallax-quote-name-wrap { margin-top: 20px; }#ut_p_quote_69f8d811eccbf .ut-parallax-quote-name { margin-top: 0; }<\/style><div id=\"ut_p_quote_69f8d811eccbf\" data-revealfx-color=\"#ffbf00\" class=\"ut-parallax-quote ut-reveal-fx ut-element-with-block-reveal ut-parallax-quote-align-left ut-parallax-quote-tablet-align-left ut-parallax-quote-mobile-align-left\"><blockquote data-responsive-font=\"blockquote\" data-responsive-font-settings=\"{&quot;base-font-size&quot;:&quot;32&quot;}\" data-appear-top-offset=\"-200\" id=\"ut_reveal_69f8d811eccbd\" class=\"ut-parallax-quote-title ut-block-reveal-hide ut-no-parallax-quote-linebreak-tablet ut-no-parallax-quote-linebreak-mobile element-with-custom-line-height translation-block\"><span class=\"quote-left\">\"<\/span>WHEN HEALTHY,<br>\nWE CAN CONQUER<br>\n<ins>EVERYTHING THAT LIFE<\/ins><br>\nHAS TO OFFER.<span class=\"quote-right\">\"<\/span><\/blockquote><br \/><\/div><\/div><\/div><\/div><style type=\"text\/css\">#ut_inner_column_69f8d811ec9b0{padding-left: 80px !important;}<\/style><\/div><div class=\"wpb_column vc_column_container vc_col-sm-4\" ><div id=\"ut_inner_column_69f8d811ecdb0\" class=\"vc_column-inner\" ><div class=\"wpb_wrapper\"><\/div><\/div><style type=\"text\/css\">#ut_inner_column_69f8d811ecdb0{border-top-width: 100px !important;padding-right: 70px !important;padding-bottom: 100px !important;}<\/style><\/div><style type=\"text\/css\">#ut-row-69f8d811ec626 {background-position: center;}#ut_row_overlay_69f8d811ec63e{ background-color: rgba(0, 0, 0, 0.38);} #ut-parallax-69f8d811ec643{background-size: cover !important}#ut-parallax-69f8d811ec643 { background-position: right top; }<\/style><\/div><div class=\"vc_row-full-width vc_clearfix\"><\/div><div id=\"ut-row-69f8d811ed2eb\" data-vc-full-width=\"true\" data-vc-full-width-init=\"false\" class=\"vc_row wpb_row vc_row-fluid vc_row-has-fill vc_column-gap-0 vc_row-o-equal-height vc_row-o-content-middle vc_row-flex ut-row-69f8d811ed2f3\" ><div class=\"wpb_column vc_column_container vc_col-lg-3 vc_col-md-3 vc_col-sm-6 vc_col-xs-12 ut-animate-element animated ut-no-animation-tablet ut-no-animation-mobile\" data-effect=\"fadeIn\" data-animateonce=\"yes\" data-delay=\"400\" data-animation-duration=\"1s\"><div id=\"ut_inner_column_69f8d811ed6e3\" class=\"vc_column-inner\" ><div class=\"wpb_wrapper\"><div class=\"wpb_content_element\"><style type=\"text\/css\">#ut_sc_69f8d811ed809 .ut-count { color: #313131; fill: #313131; }#ut_sc_69f8d811ed809 h3.ut-counter-details { color: rgba(49, 49, 49, 0.33); }#ut_sc_69f8d811ed809 .ut-counter-box { text-align: center; }#ut_sc_69f8d811ed809 h3.ut-counter-details { margin-top: 10px; }#ut_sc_69f8d811ed809 h3.ut-counter-details { text-transform: uppercase; }#ut_sc_69f8d811ed809 h3.ut-counter-details { font-weight: 600; }#ut_sc_69f8d811ed809 h3.ut-counter-details { letter-spacing:0.05em; }#ut_sc_69f8d811ed809 h3.ut-counter-details { font-size: 12px; }#ut_sc_69f8d811ed809 .ut-count { font-size: 40px; }#ut_sc_69f8d811ed809 .ut-glow { -webkit-text-shadow: 0 0 20px #ffbf00,2px 2px 3px black; -moz-text-shadow: 0 0 20px #ffbf00,2px 2px 3px black;text-shadow: 0 0 20px #ffbf00,2px 2px 3px black; }<\/style><div id=\"ut_sc_69f8d811ed809\" class=\"ut-count-prefix-middle ut-count-suffix-middle ut-count-icon-position-top ut-count-align-center  clearfix\"><div data-animateonce=\"no\" data-effecttype=\"counter\" class=\"ut-counter-box ut-counter-box-center ut-counter\" data-type=\"countup\" data-decimal-places=\"0\" data-sep=\"true\" data-sep-sign=\".\" data-speed=\"2000\" data-suffix=\"\" data-suffix-tag=\"span\" data-prefix=\"+\" data-prefix-tag=\"span\" data-counter=\"100\"><i class=\"BklynIcons-Handshake\"><\/i><span id=\"ut_sc_count_69f8d811ed80a\" data-to=\"100\" class=\"ut-count\" style=\"font-family:&quot;Poppins&quot; !important;font-weight:600;font-style:normal\">000<\/span><h3 class=\"ut-counter-details\">Collaborators<\/h3><\/div><\/div><\/div><\/div><\/div><\/div><div class=\"wpb_column vc_column_container vc_col-lg-3 vc_col-md-3 vc_col-sm-6 vc_col-xs-12 ut-animate-element animated ut-no-animation-tablet ut-no-animation-mobile\" data-effect=\"fadeIn\" data-animateonce=\"yes\" data-delay=\"600\" data-animation-duration=\"1s\"><div id=\"ut_inner_column_69f8d811ed8fa\" class=\"vc_column-inner\" ><div class=\"wpb_wrapper\"><div class=\"wpb_content_element\"><style type=\"text\/css\">#ut_sc_69f8d811eda9e .ut-count { color: #313131; fill: #313131; }#ut_sc_69f8d811eda9e h3.ut-counter-details { color: rgba(49, 49, 49, 0.33); }#ut_sc_69f8d811eda9e .ut-counter-box { text-align: center; }#ut_sc_69f8d811eda9e h3.ut-counter-details { margin-top: 10px; }#ut_sc_69f8d811eda9e h3.ut-counter-details { text-transform: uppercase; }#ut_sc_69f8d811eda9e h3.ut-counter-details { font-weight: 600; }#ut_sc_69f8d811eda9e h3.ut-counter-details { letter-spacing:0.05em; }#ut_sc_69f8d811eda9e h3.ut-counter-details { font-size: 12px; }#ut_sc_69f8d811eda9e .ut-count { font-size: 40px; }#ut_sc_69f8d811eda9e .ut-glow { -webkit-text-shadow: 0 0 20px #ffbf00,2px 2px 3px black; -moz-text-shadow: 0 0 20px #ffbf00,2px 2px 3px black;text-shadow: 0 0 20px #ffbf00,2px 2px 3px black; }<\/style><div id=\"ut_sc_69f8d811eda9e\" class=\"ut-count-prefix-middle ut-count-suffix-middle ut-count-icon-position-top ut-count-align-center  clearfix\"><div data-animateonce=\"no\" data-effecttype=\"counter\" class=\"ut-counter-box ut-counter-box-center ut-counter\" data-type=\"countup\" data-decimal-places=\"0\" data-sep=\"true\" data-sep-sign=\".\" data-speed=\"2000\" data-suffix=\"\" data-suffix-tag=\"span\" data-prefix=\"+\" data-prefix-tag=\"span\" data-counter=\"1100\"><i class=\"BklynIcons-Share-File-1\"><\/i><span id=\"ut_sc_count_69f8d811eda9f\" data-to=\"1100\" class=\"ut-count\" style=\"font-family:&quot;Poppins&quot; !important;font-weight:600;font-style:normal\">0000<\/span><h3 class=\"ut-counter-details\">Registered Clients<\/h3><\/div><\/div><\/div><\/div><\/div><style type=\"text\/css\">#ut_inner_column_69f8d811ed8fa{border-left-width: 1px !important;border-left-color: #dddddd !important;border-left-style: solid !important;}<\/style><\/div><div class=\"wpb_column vc_column_container vc_col-lg-3 vc_col-md-3 vc_col-sm-6 vc_col-xs-12 ut-animate-element animated ut-no-animation-tablet ut-no-animation-mobile\" data-effect=\"fadeIn\" data-animateonce=\"yes\" data-delay=\"800\" data-animation-duration=\"1s\"><div id=\"ut_inner_column_69f8d811edb6c\" class=\"vc_column-inner\" ><div class=\"wpb_wrapper\"><div class=\"wpb_content_element\"><style type=\"text\/css\">#ut_sc_69f8d811edce4 .ut-count { color: #313131; fill: #313131; }#ut_sc_69f8d811edce4 h3.ut-counter-details { color: rgba(49, 49, 49, 0.33); }#ut_sc_69f8d811edce4 .ut-counter-box { text-align: center; }#ut_sc_69f8d811edce4 h3.ut-counter-details { margin-top: 10px; }#ut_sc_69f8d811edce4 h3.ut-counter-details { text-transform: uppercase; }#ut_sc_69f8d811edce4 h3.ut-counter-details { font-weight: 600; }#ut_sc_69f8d811edce4 h3.ut-counter-details { letter-spacing:0.05em; }#ut_sc_69f8d811edce4 h3.ut-counter-details { font-size: 12px; }#ut_sc_69f8d811edce4 .ut-count { font-size: 40px; }#ut_sc_69f8d811edce4 .ut-glow { -webkit-text-shadow: 0 0 20px #ffbf00,2px 2px 3px black; -moz-text-shadow: 0 0 20px #ffbf00,2px 2px 3px black;text-shadow: 0 0 20px #ffbf00,2px 2px 3px black; }<\/style><div id=\"ut_sc_69f8d811edce4\" class=\"ut-count-prefix-middle ut-count-suffix-middle ut-count-icon-position-top ut-count-align-center  clearfix\"><div data-animateonce=\"no\" data-effecttype=\"counter\" class=\"ut-counter-box ut-counter-box-center ut-counter\" data-type=\"countup\" data-decimal-places=\"0\" data-sep=\"true\" data-sep-sign=\".\" data-speed=\"2000\" data-suffix=\"\" data-suffix-tag=\"span\" data-prefix=\"+\" data-prefix-tag=\"span\" data-counter=\"20\"><i class=\"BklynIcons-Busy-1\"><\/i><span id=\"ut_sc_count_69f8d811edce5\" data-to=\"20\" class=\"ut-count\" style=\"font-family:&quot;Poppins&quot; !important;font-weight:600;font-style:normal\">00<\/span><h3 class=\"ut-counter-details\">Years of experience<\/h3><\/div><\/div><\/div><\/div><\/div><style type=\"text\/css\">#ut_inner_column_69f8d811edb6c{border-left-width: 1px !important;border-left-color: #dddddd !important;border-left-style: solid !important;}<\/style><\/div><div class=\"wpb_column vc_column_container vc_col-lg-3 vc_col-md-3 vc_col-sm-6 vc_col-xs-12 ut-animate-element animated ut-no-animation-tablet ut-no-animation-mobile\" data-effect=\"fadeIn\" data-animateonce=\"yes\" data-delay=\"1000\" data-animation-duration=\"1s\"><div id=\"ut_inner_column_69f8d811edda0\" class=\"vc_column-inner\" ><div class=\"wpb_wrapper\"><div class=\"wpb_content_element\"><style type=\"text\/css\">#ut_sc_69f8d811edeff .ut-count { color: #313131; fill: #313131; }#ut_sc_69f8d811edeff h3.ut-counter-details { color: rgba(49, 49, 49, 0.33); }#ut_sc_69f8d811edeff .ut-counter-box { text-align: center; }#ut_sc_69f8d811edeff h3.ut-counter-details { margin-top: 10px; }#ut_sc_69f8d811edeff h3.ut-counter-details { text-transform: uppercase; }#ut_sc_69f8d811edeff h3.ut-counter-details { font-weight: 600; }#ut_sc_69f8d811edeff h3.ut-counter-details { letter-spacing:0.05em; }#ut_sc_69f8d811edeff h3.ut-counter-details { font-size: 12px; }#ut_sc_69f8d811edeff .ut-count { font-size: 40px; }#ut_sc_69f8d811edeff .ut-glow { -webkit-text-shadow: 0 0 20px #ffbf00,2px 2px 3px black; -moz-text-shadow: 0 0 20px #ffbf00,2px 2px 3px black;text-shadow: 0 0 20px #ffbf00,2px 2px 3px black; }<\/style><div id=\"ut_sc_69f8d811edeff\" class=\"ut-count-prefix-middle ut-count-suffix-middle ut-count-icon-position-top ut-count-align-center  clearfix\"><div data-animateonce=\"no\" data-effecttype=\"counter\" class=\"ut-counter-box ut-counter-box-center ut-counter\" data-type=\"countup\" data-decimal-places=\"0\" data-sep=\"true\" data-sep-sign=\".\" data-speed=\"2000\" data-suffix=\"\" data-suffix-tag=\"span\" data-prefix=\"+\" data-prefix-tag=\"span\" data-counter=\"25\"><i class=\"BklynIcons-Addon\"><\/i><span id=\"ut_sc_count_69f8d811edf00\" data-to=\"25\" class=\"ut-count\" style=\"font-family:&quot;Poppins&quot; !important;font-weight:600;font-style:normal\">00<\/span><h3 class=\"ut-counter-details\">Partner brands<\/h3><\/div><\/div><\/div><\/div><\/div><style type=\"text\/css\">#ut_inner_column_69f8d811edda0{border-left-width: 1px !important;border-left-color: #dddddd !important;border-left-style: solid !important;}<\/style><\/div><style type=\"text\/css\">.ut-row-69f8d811ed2f3{background-image:  -webkit- linear-gradient(222deg, rgba(255, 219, 0, 0.66) 0%, #ffc000 100%) !important  ;background-image:  -moz- linear-gradient(222deg, rgba(255, 219, 0, 0.66) 0%, #ffc000 100%) !important  ;background-image:  -o- linear-gradient(222deg, rgba(255, 219, 0, 0.66) 0%, #ffc000 100%) !important  ;background-image:   linear-gradient(222deg, rgba(255, 219, 0, 0.66) 0%, #ffc000 100%) !important  ;}#ut-row-69f8d811ed2eb{background-color: linear-gradient(222deg, rgba(255, 219, 0, 0.66) 0%, #ffc000 100%) !important;} <\/style><\/div><div class=\"vc_row-full-width vc_clearfix\"><\/div><div id=\"ut-row-69f8d811ee213\" data-vc-full-width=\"true\" data-vc-full-width-init=\"false\" class=\"vc_row wpb_row vc_row-fluid vc_column-gap-0 vc_row-o-equal-height vc_row-o-content-middle vc_row-flex ut-row-69f8d811ee218\" ><div class=\"wpb_column vc_column_container vc_col-sm-6\" ><div id=\"ut_inner_column_69f8d811ee46e\" class=\"vc_column-inner\" ><div class=\"wpb_wrapper\"><div class=\"wpb_content_element\"><style type=\"text\/css\">#ut_header_69f8d811ee6fe h2.section-title{ font-family: \"Crimson Pro\";font-weight:400;font-style:normal; }#ut_header_69f8d811ee6fe h2.section-title { font-size:100px !important; }<\/style><header id=\"ut_header_69f8d811ee6fe\" class=\"section-header  ut-no-title-linebreak-mobile ut-no-lead-linebreak-mobile pt-style-1 header-left header-tablet-left header-mobile-center\"><h2 data-title=\"MEDICAL EURO\" data-effect=\"fadeIn\" data-animateonce=\"yes\" data-delay=\"0\" data-responsive-font=\"section_title\" data-responsive-font-settings=\"{&quot;base-font-size&quot;:&quot;100&quot;,&quot;font-size&quot;:{&quot;desktop_large&quot;:&quot;100&quot;},&quot;base-line-height&quot;:&quot;global&quot;,&quot;base-letter-spacing&quot;:&quot;global&quot;}\" class=\"bklyn-divider-styles bklyn-divider-style-1 section-title ut-animate-element animated ut-no-animation-tablet ut-no-animation-mobile\"><span>MEDICAL EURO<\/span><\/h2><\/header><\/div><\/div><\/div><\/div><div class=\"wpb_column vc_column_container vc_col-sm-6\" ><div id=\"ut_inner_column_69f8d811eeda1\" class=\"vc_column-inner\" ><div class=\"wpb_wrapper\"><div class=\"wpb_content_element translation-block\"><b>MEDICAL EURO<\/b> offers a complete service to hospitals, doctors and health plans, focusing on products and services to ensure people's well-being, always concerned with fully meeting the needs of the market with agility, quality, transparency, and innovation.<\/div><\/div><\/div><\/div><\/div><div class=\"vc_row-full-width vc_clearfix\"><\/div><a data-id=\"section-about\" class=\"ut-vc-offset-anchor-bottom\" name=\"section-about\">About<\/a><style type=\"text\/css\">#ut-section-69f8d811e8cf2{background-position:left top !important;;background-repeat: no-repeat !important;background-size: cover !important;} <\/style><\/section><div class=\"vc_row-full-width vc_clearfix\"><\/div>\n<\/div>","protected":false},"excerpt":{"rendered":"AboutSeja \u00fanico para a vidaNosso compromisso \u00e9 para que voc\u00ea se sinta \u00fanico, trazendo de volta o sentido de uma vida plena e saud\u00e1vel, com produtos seguros e de qualidade. \"QUANDO SAUD\u00c1VEIS, CONSEGUIMOS CONQUISTAR TUDO AQUILO QUE A VIDA TEM A OFERECER.\"000Colaboradores0000Clientes Cadastrados00Anos de Experi\u00eancia00Marcas parceirasMEDICAL EUROA MEDICAL EURO oferece atendimento completo a hospitais, m\u00e9dicos [...]","protected":false},"author":2,"featured_media":0,"parent":0,"menu_order":0,"comment_status":"closed","ping_status":"closed","template":"","meta":{"_themeisle_gutenberg_block_has_review":false,"footnotes":""},"class_list":["post-7","page","type-page","status-publish","hentry"],"_links":{"self":[{"href":"https:\/\/medicaleuro.com.br\/en\/wp-json\/wp\/v2\/pages\/7","targetHints":{"allow":["GET"]}}],"collection":[{"href":"https:\/\/medicaleuro.com.br\/en\/wp-json\/wp\/v2\/pages"}],"about":[{"href":"https:\/\/medicaleuro.com.br\/en\/wp-json\/wp\/v2\/types\/page"}],"author":[{"embeddable":true,"href":"https:\/\/medicaleuro.com.br\/en\/wp-json\/wp\/v2\/users\/2"}],"replies":[{"embeddable":true,"href":"https:\/\/medicaleuro.com.br\/en\/wp-json\/wp\/v2\/comments?post=7"}],"version-history":[{"count":154,"href":"https:\/\/medicaleuro.com.br\/en\/wp-json\/wp\/v2\/pages\/7\/revisions"}],"predecessor-version":[{"id":2736,"href":"https:\/\/medicaleuro.com.br\/en\/wp-json\/wp\/v2\/pages\/7\/revisions\/2736"}],"wp:attachment":[{"href":"https:\/\/medicaleuro.com.br\/en\/wp-json\/wp\/v2\/media?parent=7"}],"curies":[{"name":"wp","href":"https:\/\/api.w.org\/{rel}","templated":true}]}}